{"id":1395,"date":"2022-08-29T16:08:10","date_gmt":"2022-08-29T14:08:10","guid":{"rendered":"https:\/\/osapam.fr\/?page_id=1395"},"modified":"2025-09-05T17:15:55","modified_gmt":"2025-09-05T15:15:55","slug":"nos-services-3","status":"publish","type":"page","link":"https:\/\/osapam.fr\/pt\/nos-services-3\/","title":{"rendered":"Accompagnement \u00e0 la comptabilit\u00e9 des associations"},"content":{"rendered":"\n<h2 class=\"wp-block-heading has-text-align-center has-luminous-vivid-orange-color has-text-color has-x-large-font-size\"><strong>Accompagnement \u00e0 la comptabilit\u00e9 des associations<\/strong><\/h2>\n\n\n\n<figure class=\"wp-block-image size-large\"><img fetchpriority=\"high\" decoding=\"async\" width=\"1024\" height=\"244\" src=\"https:\/\/osapam.fr\/wp-content\/uploads\/2022\/08\/Ajouter-un-titre-5-1024x244.png\" alt=\"\" class=\"wp-image-2141\" srcset=\"https:\/\/osapam.fr\/wp-content\/uploads\/2022\/08\/Ajouter-un-titre-5-1024x244.png 1024w, https:\/\/osapam.fr\/wp-content\/uploads\/2022\/08\/Ajouter-un-titre-5-300x72.png 300w, https:\/\/osapam.fr\/wp-content\/uploads\/2022\/08\/Ajouter-un-titre-5-768x183.png 768w, https:\/\/osapam.fr\/wp-content\/uploads\/2022\/08\/Ajouter-un-titre-5.png 1048w\" sizes=\"(max-width: 1024px) 100vw, 1024px\" \/><\/figure>\n\n\n\n<p><span style=\"color: #000000;\">Ce&nbsp; service&nbsp; compl\u00e9mentaire est payant. <\/span><\/p>\n\n\n\n<p><span style=\"color: #000000;\">Il consiste \u00e0 accompagner les tr\u00e9soriers des associations qui en font la demande,\u00a0 pour les aider \u00e0 assurer la comptabilit\u00e9 de leur association et pr\u00e9parer la pr\u00e9sentation du bilan financier lors de l&#8217;Assembl\u00e9e G\u00e9n\u00e9rale de l&#8217;association, dans le respect du plan comptable associatif.<\/span><\/p>\n\n\n\n<p><span style=\"color: #000000;\">Il donne lieu \u00e0 l&#8217;\u00e9tablissement entre l&#8217;OSAPAM et l&#8217;association b\u00e9n\u00e9ficiaire du service, d&#8217;une convention annuelle pr\u00e9cisant les engagements des deux parties. <\/span><\/p>\n\n\n\n<ol><\/ol>\n\n\n\n<p><strong>Accompagnement des tr\u00e9soriers des associations pour:<\/strong><\/p>\n\n\n\n<ul>\n<li>R\u00e9alisation de la comptabilit\u00e9 avec le logiciel SAGE et analyse de l&#8217;\u00e9volution de la comptabilit\u00e9;<\/li>\n\n\n\n<li>Saisie des donn\u00e9es \u00e0 partir des pi\u00e8ces comptables transmises par l&#8217;association;<\/li>\n\n\n\n<li>Transmission au tr\u00e9sorier de l&#8217;association du Grand Livre, bilan et compte de r\u00e9sultat<\/li>\n<\/ul>\n\n\n\n<h4 class=\"wp-block-heading\"><span style=\"color: #993300;\"><strong>Tarifs:<\/strong><\/span><\/h4>\n\n\n\n<p>Le montant de la prestation est \u00e9tabli en fonction de la dur\u00e9e de celle-ci d\u00e9cid\u00e9e par Convention.<\/p>\n\n\n\n<p>Contactez le secr\u00e9tariat de l&#8217;OSAPAM si vous \u00eates int\u00e9ress\u00e9s par ce service pour obtenir des renseignements compl\u00e9mentaires et \u00e9tablir un devis.<\/p>\n","protected":false},"excerpt":{"rendered":"<p>Accompagnement \u00e0 la comptabilit\u00e9 des associations Ce&nbsp; service&nbsp; compl\u00e9mentaire est payant. Il consiste \u00e0 accompagner les tr\u00e9soriers des associations qui en font la demande,\u00a0 pour&hellip;<\/p>\n","protected":false},"author":1,"featured_media":0,"parent":0,"menu_order":3,"comment_status":"closed","ping_status":"closed","template":"","meta":{"_uag_custom_page_level_css":"","_monsterinsights_skip_tracking":false,"_monsterinsights_sitenote_active":false,"_monsterinsights_sitenote_note":"","_monsterinsights_sitenote_category":0,"footnotes":""},"aioseo_notices":[],"uagb_featured_image_src":{"full":false,"thumbnail":false,"medium":false,"medium_large":false,"large":false,"1536x1536":false,"2048x2048":false},"uagb_author_info":{"display_name":"Administrateur","author_link":"https:\/\/osapam.fr\/pt\/author\/admin4376\/"},"uagb_comment_info":0,"uagb_excerpt":"Accompagnement \u00e0 la comptabilit\u00e9 des associations Ce&nbsp; service&nbsp; compl\u00e9mentaire est payant. Il consiste \u00e0 accompagner les tr\u00e9soriers des associations qui en font la demande,\u00a0 pour&hellip;","_links":{"self":[{"href":"https:\/\/osapam.fr\/pt\/wp-json\/wp\/v2\/pages\/1395"}],"collection":[{"href":"https:\/\/osapam.fr\/pt\/wp-json\/wp\/v2\/pages"}],"about":[{"href":"https:\/\/osapam.fr\/pt\/wp-json\/wp\/v2\/types\/page"}],"author":[{"embeddable":true,"href":"https:\/\/osapam.fr\/pt\/wp-json\/wp\/v2\/users\/1"}],"replies":[{"embeddable":true,"href":"https:\/\/osapam.fr\/pt\/wp-json\/wp\/v2\/comments?post=1395"}],"version-history":[{"count":8,"href":"https:\/\/osapam.fr\/pt\/wp-json\/wp\/v2\/pages\/1395\/revisions"}],"predecessor-version":[{"id":4960,"href":"https:\/\/osapam.fr\/pt\/wp-json\/wp\/v2\/pages\/1395\/revisions\/4960"}],"wp:attachment":[{"href":"https:\/\/osapam.fr\/pt\/wp-json\/wp\/v2\/media?parent=1395"}],"curies":[{"name":"wp","href":"https:\/\/api.w.org\/{rel}","templated":true}]}}