{"id":2719,"date":"2023-06-26T10:07:58","date_gmt":"2023-06-26T08:07:58","guid":{"rendered":"https:\/\/osapam.fr\/?page_id=2719"},"modified":"2023-10-25T10:25:39","modified_gmt":"2023-10-25T08:25:39","slug":"les-rendez-vous-individuels","status":"publish","type":"page","link":"https:\/\/osapam.fr\/pl\/les-rendez-vous-individuels\/","title":{"rendered":"Les rendez-vous individuels"},"content":{"rendered":"\n<h2 class=\"wp-block-heading has-text-align-center\"><strong><mark style=\"background-color:rgba(0, 0, 0, 0)\" class=\"has-inline-color has-luminous-vivid-orange-color\">Les rendez-vous individuels<\/mark><\/strong><\/h2>\n\n\n\n<div style=\"height:15px\" aria-hidden=\"true\" class=\"wp-block-spacer\"><\/div>\n\n\n\n<figure class=\"wp-block-image alignfull size-large\"><img fetchpriority=\"high\" decoding=\"async\" width=\"1024\" height=\"244\" src=\"https:\/\/osapam.fr\/wp-content\/uploads\/2023\/10\/Partenaires-11-1024x244.png\" alt=\"\" class=\"wp-image-3233\" srcset=\"https:\/\/osapam.fr\/wp-content\/uploads\/2023\/10\/Partenaires-11-1024x244.png 1024w, https:\/\/osapam.fr\/wp-content\/uploads\/2023\/10\/Partenaires-11-300x72.png 300w, https:\/\/osapam.fr\/wp-content\/uploads\/2023\/10\/Partenaires-11-768x183.png 768w, https:\/\/osapam.fr\/wp-content\/uploads\/2023\/10\/Partenaires-11.png 1048w\" sizes=\"(max-width: 1024px) 100vw, 1024px\" \/><\/figure>\n\n\n\n<div style=\"height:15px\" aria-hidden=\"true\" class=\"wp-block-spacer\"><\/div>\n\n\n\n<p>Vous avez des questions sp\u00e9cifiques \u00e0 votre association : <\/p>\n\n\n\n<ul>\n<li><strong>Cr\u00e9ation d&#8217;associations<\/strong>: d\u00e9marches et proc\u00e9dures.<\/li>\n\n\n\n<li><strong>Fonctionnement de votre association:<\/strong> organisation interne, statuts (cr\u00e9ation, modification), r\u00e8glement int\u00e9rieur, montage de projet, etc. <\/li>\n\n\n\n<li><strong>Accompagnement pour la gestion salariale<\/strong>: Propositions de mod\u00e8les de contrat et documents, estimation du co\u00fbt de l&#8217;emploi, etc.<\/li>\n\n\n\n<li><strong>Cl\u00f4ture d&#8217;une association<\/strong>: d\u00e9marches et documents<\/li>\n\n\n\n<li><strong>Communication de votre association:<\/strong> Accompagnement \u00e0 la recherche d&#8217;outils adapt\u00e9s \u00e0 vos besoins (r\u00e9seaux sociaux, site internet, cr\u00e9ation de visuels, etc). <\/li>\n\n\n\n<li><strong>Financement de votre association:<\/strong> recherche de financement priv\u00e9, d\u00e9marches pour l&#8217;obtention de financement public (site: &#8220;moncompteasso&#8221;), accompagnement pour la prise en main des sites: &#8220;Chorus&#8221;,&#8221;Henrri&#8221;, etc.<\/li>\n<\/ul>\n\n\n\n<p>Nous pouvons vous recevoir en rendez-vous individuel dans les locaux. <\/p>\n\n\n\n<p><strong>N&#8217;h\u00e9sitez pas \u00e0 prendre contact par t\u00e9l\u00e9phone ou mail en exposant votre demande.<\/strong><\/p>\n","protected":false},"excerpt":{"rendered":"<p>Les rendez-vous individuels Vous avez des questions sp\u00e9cifiques \u00e0 votre association : Nous pouvons vous recevoir en rendez-vous individuel dans les locaux. N&#8217;h\u00e9sitez pas \u00e0&hellip;<\/p>\n","protected":false},"author":1,"featured_media":0,"parent":0,"menu_order":0,"comment_status":"closed","ping_status":"closed","template":"","meta":{"_uag_custom_page_level_css":"","_monsterinsights_skip_tracking":false,"_monsterinsights_sitenote_active":false,"_monsterinsights_sitenote_note":"","_monsterinsights_sitenote_category":0,"footnotes":""},"aioseo_notices":[],"uagb_featured_image_src":{"full":false,"thumbnail":false,"medium":false,"medium_large":false,"large":false,"1536x1536":false,"2048x2048":false},"uagb_author_info":{"display_name":"Administrateur","author_link":"https:\/\/osapam.fr\/pl\/author\/admin4376\/"},"uagb_comment_info":0,"uagb_excerpt":"Les rendez-vous individuels Vous avez des questions sp\u00e9cifiques \u00e0 votre association : Nous pouvons vous recevoir en rendez-vous individuel dans les locaux. N&#8217;h\u00e9sitez pas \u00e0&hellip;","_links":{"self":[{"href":"https:\/\/osapam.fr\/pl\/wp-json\/wp\/v2\/pages\/2719"}],"collection":[{"href":"https:\/\/osapam.fr\/pl\/wp-json\/wp\/v2\/pages"}],"about":[{"href":"https:\/\/osapam.fr\/pl\/wp-json\/wp\/v2\/types\/page"}],"author":[{"embeddable":true,"href":"https:\/\/osapam.fr\/pl\/wp-json\/wp\/v2\/users\/1"}],"replies":[{"embeddable":true,"href":"https:\/\/osapam.fr\/pl\/wp-json\/wp\/v2\/comments?post=2719"}],"version-history":[{"count":14,"href":"https:\/\/osapam.fr\/pl\/wp-json\/wp\/v2\/pages\/2719\/revisions"}],"predecessor-version":[{"id":3234,"href":"https:\/\/osapam.fr\/pl\/wp-json\/wp\/v2\/pages\/2719\/revisions\/3234"}],"wp:attachment":[{"href":"https:\/\/osapam.fr\/pl\/wp-json\/wp\/v2\/media?parent=2719"}],"curies":[{"name":"wp","href":"https:\/\/api.w.org\/{rel}","templated":true}]}}