{"id":2413,"date":"2024-05-24T14:35:29","date_gmt":"2024-05-24T12:35:29","guid":{"rendered":"https:\/\/osapam.fr\/?page_id=2413"},"modified":"2025-08-08T17:29:49","modified_gmt":"2025-08-08T15:29:49","slug":"le-forum-des-associations-samedi-3-septembre-2022","status":"publish","type":"page","link":"https:\/\/osapam.fr\/lt\/le-forum-des-associations-samedi-3-septembre-2022\/","title":{"rendered":"Le Forum des associations -samedi 3 septembre 2022"},"content":{"rendered":"\t\t<div data-elementor-type=\"wp-page\" data-elementor-id=\"2413\" class=\"elementor elementor-2413\">\n\t\t\t\t\t\t<section class=\"elementor-section elementor-top-section elementor-element elementor-element-10fdfecb elementor-section-boxed elementor-section-height-default elementor-section-height-default wpr-particle-no wpr-jarallax-no wpr-parallax-no wpr-sticky-section-no\" data-id=\"10fdfecb\" data-element_type=\"section\">\n\t\t\t\t\t\t<div class=\"elementor-container elementor-column-gap-default\">\n\t\t\t\t\t<div class=\"elementor-column elementor-col-100 elementor-top-column elementor-element elementor-element-f6e7683\" data-id=\"f6e7683\" data-element_type=\"column\">\n\t\t\t<div class=\"elementor-widget-wrap elementor-element-populated\">\n\t\t\t\t\t\t<div class=\"elementor-element elementor-element-7d09e695 elementor-widget elementor-widget-text-editor\" data-id=\"7d09e695\" data-element_type=\"widget\" data-widget_type=\"text-editor.default\">\n\t\t\t\t<div class=\"elementor-widget-container\">\n\t\t\t\t\t\t\t<p>[:fr]<!-- wp:heading {\"textAlign\":\"center\",\"textColor\":\"luminous-vivid-orange\"} --><\/p>\n<h2 class=\"has-text-align-center has-luminous-vivid-orange-color has-text-color\"><strong>Le Forum des associations &#8211; samedi 6 septembre 2025<\/strong><\/h2>\n<p><!-- \/wp:heading --><\/p>\n<p><!-- wp:spacer {\"height\":\"15px\"} --><\/p>\n<div style=\"height:15px\" aria-hidden=\"true\" class=\"wp-block-spacer\"><\/div>\n<p><!-- \/wp:spacer --><\/p>\n<p><!-- wp:image {\"align\":\"center\",\"id\":1888,\"width\":314,\"height\":439,\"sizeSlug\":\"large\",\"linkDestination\":\"custom\"} --><\/p>\n<figure class=\"wp-block-image aligncenter size-large is-resized\"><a href=\"https:\/\/osapam.fr\/forum-des-associations-3-septembre-2022\/\"><br><\/a><\/figure>\n<p><!-- \/wp:spacer --><\/p>\n<p><!-- wp:paragraph --><\/p>\n<p><strong>Date du forum des associations<\/strong>: Samedi 6 Septembre 2025<\/p>\n<p><!-- \/wp:paragraph --><\/p>\n<p><!-- wp:paragraph --><\/p>\n<p>L&#8217;<strong>OSAPAM<\/strong> organise chaque ann\u00e9e le forum des associations.<\/p>\n<p><!-- \/wp:paragraph --><\/p>\n<p><!-- wp:paragraph --><\/p>\n<p>Cette journ\u00e9e est un moment convivial o\u00f9 toutes les associations culturelles, sociales, humanitaires et sportives sont regroup\u00e9es dans un m\u00eame lieu.<\/p>\n<p><!-- \/wp:paragraph --><\/p>\n<p><!-- wp:paragraph --><\/p>\n<p>L&#8217;objectif de ce forum est de faire conna\u00eetre les diff\u00e9rentes associations \u00e0 la population, et de permettre aux jeunes et moins jeunes d\u2019y adh\u00e9rer<\/p>\n<p><!-- \/wp:paragraph --><\/p>\n<p><!-- wp:paragraph --><\/p>\n<p>Le forum se d\u00e9roule au Parc de la Garenne.<\/p>\n<p><!-- \/wp:paragraph --><\/p>\n<p><!-- wp:paragraph --><\/p>\n<p>Toutes les associations peuvent participer \u00e0 ce forum pour faire d\u00e9couvrir leur activit\u00e9.<\/p>\n<p><!-- \/wp:paragraph --><\/p>\n<p><!-- wp:paragraph --><\/p>\n<p>Pour la r\u00e9servation des stands nous contacter au : <strong>05-49-27-92-43.<\/strong><\/p>\n<p><!-- \/wp:paragraph --><\/p>\n<p><!-- wp:paragraph --><\/p>\n<p>Le tarif est de 10 \u20ac pour les associations adh\u00e9rentes \u00e0 l\u2019OSAPAM et 20 \u20ac pour les non adh\u00e9rentes.<\/p>\n<p><!-- \/wp:paragraph --><\/p>\n<p><!-- wp:image {\"align\":\"center\",\"id\":1099,\"linkDestination\":\"custom\"} --><\/p>\n<figure class=\"wp-block-image aligncenter\"><a href=\"http:\/\/osapam.fr\/wp-content\/uploads\/2021\/09\/IMG_0299-b.jpg\"><img decoding=\"async\" src=\"http:\/\/osapam.fr\/wp-content\/uploads\/2021\/09\/IMG_0299-b-1024x683.jpg\" alt=\"\" class=\"wp-image-1099\"><\/a><\/figure>\n<p><!-- \/wp:image --><\/p>\n<p><!-- wp:paragraph --><\/p>\n<p><!-- \/wp:paragraph -->[<\/p>\t\t\t\t\t\t<\/div>\n\t\t\t\t<\/div>\n\t\t\t\t\t<\/div>\n\t\t<\/div>\n\t\t\t\t\t<\/div>\n\t\t<\/section>\n\t\t\t\t<\/div>\n\t\t","protected":false},"excerpt":{"rendered":"<p>Le Forum des associations &#8211; samedi 6 septembre 2025 Date du forum des associations: Samedi 6 Septembre 2025 L&#8217;OSAPAM organise chaque ann\u00e9e le forum des&hellip;<\/p>\n","protected":false},"author":1,"featured_media":0,"parent":0,"menu_order":6,"comment_status":"closed","ping_status":"closed","template":"","meta":{"_uag_custom_page_level_css":"","_monsterinsights_skip_tracking":false,"_monsterinsights_sitenote_active":false,"_monsterinsights_sitenote_note":"","_monsterinsights_sitenote_category":0,"footnotes":""},"aioseo_notices":[],"uagb_featured_image_src":{"full":false,"thumbnail":false,"medium":false,"medium_large":false,"large":false,"1536x1536":false,"2048x2048":false},"uagb_author_info":{"display_name":"Administrateur","author_link":"https:\/\/osapam.fr\/lt\/author\/admin4376\/"},"uagb_comment_info":0,"uagb_excerpt":"Le Forum des associations &#8211; samedi 6 septembre 2025 Date du forum des associations: Samedi 6 Septembre 2025 L&#8217;OSAPAM organise chaque ann\u00e9e le forum des&hellip;","_links":{"self":[{"href":"https:\/\/osapam.fr\/lt\/wp-json\/wp\/v2\/pages\/2413"}],"collection":[{"href":"https:\/\/osapam.fr\/lt\/wp-json\/wp\/v2\/pages"}],"about":[{"href":"https:\/\/osapam.fr\/lt\/wp-json\/wp\/v2\/types\/page"}],"author":[{"embeddable":true,"href":"https:\/\/osapam.fr\/lt\/wp-json\/wp\/v2\/users\/1"}],"replies":[{"embeddable":true,"href":"https:\/\/osapam.fr\/lt\/wp-json\/wp\/v2\/comments?post=2413"}],"version-history":[{"count":3,"href":"https:\/\/osapam.fr\/lt\/wp-json\/wp\/v2\/pages\/2413\/revisions"}],"predecessor-version":[{"id":4905,"href":"https:\/\/osapam.fr\/lt\/wp-json\/wp\/v2\/pages\/2413\/revisions\/4905"}],"wp:attachment":[{"href":"https:\/\/osapam.fr\/lt\/wp-json\/wp\/v2\/media?parent=2413"}],"curies":[{"name":"wp","href":"https:\/\/api.w.org\/{rel}","templated":true}]}}