{"id":2715,"date":"2024-02-27T08:21:07","date_gmt":"2024-02-27T07:21:07","guid":{"rendered":"https:\/\/osapam.fr\/?page_id=2715"},"modified":"2024-02-27T12:43:18","modified_gmt":"2024-02-27T11:43:18","slug":"les-ateliers-techniques","status":"publish","type":"page","link":"https:\/\/osapam.fr\/it\/les-ateliers-techniques\/","title":{"rendered":"Les ateliers techniques"},"content":{"rendered":"\t\t<div data-elementor-type=\"wp-page\" data-elementor-id=\"2715\" class=\"elementor elementor-2715\">\n\t\t\t\t\t\t<section class=\"elementor-section elementor-top-section elementor-element elementor-element-460b660 elementor-section-boxed elementor-section-height-default elementor-section-height-default wpr-particle-no wpr-jarallax-no wpr-parallax-no wpr-sticky-section-no\" data-id=\"460b660\" data-element_type=\"section\">\n\t\t\t\t\t\t<div class=\"elementor-container elementor-column-gap-default\">\n\t\t\t\t\t<div class=\"elementor-column elementor-col-100 elementor-top-column elementor-element elementor-element-ee4c3b3\" data-id=\"ee4c3b3\" data-element_type=\"column\">\n\t\t\t<div class=\"elementor-widget-wrap elementor-element-populated\">\n\t\t\t\t\t\t<div class=\"elementor-element elementor-element-2aae8d2 elementor-widget elementor-widget-heading\" data-id=\"2aae8d2\" data-element_type=\"widget\" data-widget_type=\"heading.default\">\n\t\t\t\t<div class=\"elementor-widget-container\">\n\t\t\t<h2 class=\"elementor-heading-title elementor-size-default\">Les ateliers techniques<\/h2>\t\t<\/div>\n\t\t\t\t<\/div>\n\t\t\t\t\t<\/div>\n\t\t<\/div>\n\t\t\t\t\t<\/div>\n\t\t<\/section>\n\t\t\t\t<section class=\"elementor-section elementor-top-section elementor-element elementor-element-92762ca elementor-section-boxed elementor-section-height-default elementor-section-height-default wpr-particle-no wpr-jarallax-no wpr-parallax-no wpr-sticky-section-no\" data-id=\"92762ca\" data-element_type=\"section\">\n\t\t\t\t\t\t<div class=\"elementor-container elementor-column-gap-default\">\n\t\t\t\t\t<div class=\"elementor-column elementor-col-100 elementor-top-column elementor-element elementor-element-af40266\" data-id=\"af40266\" data-element_type=\"column\">\n\t\t\t<div class=\"elementor-widget-wrap elementor-element-populated\">\n\t\t\t\t\t\t<div class=\"elementor-element elementor-element-0c75b76 elementor-widget elementor-widget-spacer\" data-id=\"0c75b76\" data-element_type=\"widget\" data-widget_type=\"spacer.default\">\n\t\t\t\t<div class=\"elementor-widget-container\">\n\t\t\t\t\t<div class=\"elementor-spacer\">\n\t\t\t<div class=\"elementor-spacer-inner\"><\/div>\n\t\t<\/div>\n\t\t\t\t<\/div>\n\t\t\t\t<\/div>\n\t\t\t\t\t<\/div>\n\t\t<\/div>\n\t\t\t\t\t<\/div>\n\t\t<\/section>\n\t\t\t\t<section class=\"elementor-section elementor-top-section elementor-element elementor-element-b91aa0c elementor-section-boxed elementor-section-height-default elementor-section-height-default wpr-particle-no wpr-jarallax-no wpr-parallax-no wpr-sticky-section-no\" data-id=\"b91aa0c\" data-element_type=\"section\">\n\t\t\t\t\t\t<div class=\"elementor-container elementor-column-gap-default\">\n\t\t\t\t\t<div class=\"elementor-column elementor-col-100 elementor-top-column elementor-element elementor-element-4a494db\" data-id=\"4a494db\" data-element_type=\"column\">\n\t\t\t<div class=\"elementor-widget-wrap elementor-element-populated\">\n\t\t\t\t\t\t<div class=\"elementor-element elementor-element-2a9f3f0 elementor-invisible elementor-widget elementor-widget-image\" data-id=\"2a9f3f0\" data-element_type=\"widget\" data-settings=\"{&quot;_animation&quot;:&quot;fadeIn&quot;}\" data-widget_type=\"image.default\">\n\t\t\t\t<div class=\"elementor-widget-container\">\n\t\t\t\t\t\t\t\t\t\t\t\t\t<img fetchpriority=\"high\" decoding=\"async\" width=\"1310\" height=\"313\" src=\"https:\/\/osapam.fr\/wp-content\/uploads\/2024\/02\/Partenaires.jpg\" class=\"attachment-full size-full wp-image-4282\" alt=\"\" srcset=\"https:\/\/osapam.fr\/wp-content\/uploads\/2024\/02\/Partenaires.jpg 1310w, https:\/\/osapam.fr\/wp-content\/uploads\/2024\/02\/Partenaires-300x72.jpg 300w, https:\/\/osapam.fr\/wp-content\/uploads\/2024\/02\/Partenaires-1024x245.jpg 1024w, https:\/\/osapam.fr\/wp-content\/uploads\/2024\/02\/Partenaires-768x183.jpg 768w\" sizes=\"(max-width: 1310px) 100vw, 1310px\" \/>\t\t\t\t\t\t\t\t\t\t\t\t\t<\/div>\n\t\t\t\t<\/div>\n\t\t\t\t\t<\/div>\n\t\t<\/div>\n\t\t\t\t\t<\/div>\n\t\t<\/section>\n\t\t\t\t<section class=\"elementor-section elementor-top-section elementor-element elementor-element-3aeca43 elementor-section-boxed elementor-section-height-default elementor-section-height-default wpr-particle-no wpr-jarallax-no wpr-parallax-no wpr-sticky-section-no\" data-id=\"3aeca43\" data-element_type=\"section\">\n\t\t\t\t\t\t<div class=\"elementor-container elementor-column-gap-default\">\n\t\t\t\t\t<div class=\"elementor-column elementor-col-100 elementor-top-column elementor-element elementor-element-6f7ddcb\" data-id=\"6f7ddcb\" data-element_type=\"column\">\n\t\t\t<div class=\"elementor-widget-wrap elementor-element-populated\">\n\t\t\t\t\t\t<div class=\"elementor-element elementor-element-3c2b7b9 elementor-invisible elementor-widget elementor-widget-text-editor\" data-id=\"3c2b7b9\" data-element_type=\"widget\" data-settings=\"{&quot;_animation&quot;:&quot;fadeIn&quot;}\" data-widget_type=\"text-editor.default\">\n\t\t\t\t<div class=\"elementor-widget-container\">\n\t\t\t\t\t\t\t<p><b><span style=\"color: var( --e-global-color-text ); font-family: var( --e-global-typography-text-font-family ), Sans-serif;\">D<\/span><span style=\"color: var( --e-global-color-text ); font-family: var( --e-global-typography-text-font-family ), Sans-serif;\">a<\/span><\/b><span style=\"color: var( --e-global-color-text ); font-family: var( --e-global-typography-text-font-family ), Sans-serif;\"><b>ns le cadre de notre mission d&#8217;accompagnement \u00e0 la vie associative nous vous proposons de d\u00e9velopper vos comp<\/b><\/span><span style=\"font-weight: bold; color: var( --e-global-color-text ); font-family: var( --e-global-typography-text-font-family ), Sans-serif;\">\u00e9tences par le biais de diff\u00e9rents outils pour faciliter vos missions de b\u00e9n\u00e9voles:<\/span><\/p>\n<p><\/p>\n<p><\/p>\n<ul>\n<li style=\"list-style-type: none;\">\n<ul>\n<li><b>Les ateliers Canva<\/b><\/li>\n<\/ul>\n<\/li>\n<\/ul>\n<p><\/p>\n<ul>\n<li style=\"list-style-type: none;\">\n<ul>\n<li><b>L&#8217;atelier Chorus<\/b><\/li>\n<\/ul>\n<\/li>\n<\/ul>\n<p><\/p>\n<ul>\n<li style=\"list-style-type: none;\">\n<ul>\n<li><b>Les ateliers Henrri<\/b><\/li>\n<\/ul>\n<\/li>\n<\/ul>\n<p><\/p>\n<ul>\n<li style=\"list-style-type: none;\">\n<ul>\n<li><b>L&#8217;atelier &#8220;r\u00e9seaux sociaux&#8221;<\/b><\/li><li><b style=\"color: var( --e-global-color-text ); font-family: var( --e-global-typography-text-font-family ), Sans-serif;\">Les ateliers &#8220;sites internet&#8221;<\/b><\/li><\/ul><\/li><\/ul>\t\t\t\t\t\t<\/div>\n\t\t\t\t<\/div>\n\t\t\t\t\t<\/div>\n\t\t<\/div>\n\t\t\t\t\t<\/div>\n\t\t<\/section>\n\t\t\t\t<section class=\"elementor-section elementor-top-section elementor-element elementor-element-cec873d elementor-section-boxed elementor-section-height-default elementor-section-height-default wpr-particle-no wpr-jarallax-no wpr-parallax-no wpr-sticky-section-no\" data-id=\"cec873d\" data-element_type=\"section\">\n\t\t\t\t\t\t<div class=\"elementor-container elementor-column-gap-default\">\n\t\t\t\t\t<div class=\"elementor-column elementor-col-100 elementor-top-column elementor-element elementor-element-646cc57\" data-id=\"646cc57\" data-element_type=\"column\">\n\t\t\t<div class=\"elementor-widget-wrap elementor-element-populated\">\n\t\t\t\t\t\t<div class=\"elementor-element elementor-element-303b3b2 elementor-invisible elementor-widget elementor-widget-heading\" data-id=\"303b3b2\" data-element_type=\"widget\" data-settings=\"{&quot;_animation&quot;:&quot;fadeIn&quot;}\" data-widget_type=\"heading.default\">\n\t\t\t\t<div class=\"elementor-widget-container\">\n\t\t\t<h2 class=\"elementor-heading-title elementor-size-large\">Les ateliers techniques \u00e0 venir<\/h2>\t\t<\/div>\n\t\t\t\t<\/div>\n\t\t\t\t\t<\/div>\n\t\t<\/div>\n\t\t\t\t\t<\/div>\n\t\t<\/section>\n\t\t\t\t<section class=\"elementor-section elementor-top-section elementor-element elementor-element-747117b elementor-section-boxed elementor-section-height-default elementor-section-height-default wpr-particle-no wpr-jarallax-no wpr-parallax-no wpr-sticky-section-no\" data-id=\"747117b\" data-element_type=\"section\">\n\t\t\t\t\t\t<div class=\"elementor-container elementor-column-gap-default\">\n\t\t\t\t\t<div class=\"elementor-column elementor-col-33 elementor-top-column elementor-element elementor-element-d3e1949\" data-id=\"d3e1949\" data-element_type=\"column\">\n\t\t\t<div class=\"elementor-widget-wrap elementor-element-populated\">\n\t\t\t\t\t\t<div class=\"elementor-element elementor-element-ac3d556 elementor-invisible elementor-widget elementor-widget-image\" data-id=\"ac3d556\" data-element_type=\"widget\" data-settings=\"{&quot;_animation&quot;:&quot;fadeIn&quot;}\" data-widget_type=\"image.default\">\n\t\t\t\t<div class=\"elementor-widget-container\">\n\t\t\t\t\t\t\t\t\t\t\t\t\t\t<a href=\"https:\/\/osapam.fr\/event\/les-ateliers-canva\/\">\n\t\t\t\t\t\t\t<img decoding=\"async\" width=\"819\" height=\"1024\" src=\"https:\/\/osapam.fr\/wp-content\/uploads\/2024\/02\/ateliers-canva-819x1024.jpg\" class=\"elementor-animation-grow attachment-large size-large wp-image-4290\" alt=\"\" srcset=\"https:\/\/osapam.fr\/wp-content\/uploads\/2024\/02\/ateliers-canva-819x1024.jpg 819w, https:\/\/osapam.fr\/wp-content\/uploads\/2024\/02\/ateliers-canva-240x300.jpg 240w, https:\/\/osapam.fr\/wp-content\/uploads\/2024\/02\/ateliers-canva-768x960.jpg 768w, https:\/\/osapam.fr\/wp-content\/uploads\/2024\/02\/ateliers-canva.jpg 1000w\" sizes=\"(max-width: 819px) 100vw, 819px\" \/>\t\t\t\t\t\t\t\t<\/a>\n\t\t\t\t\t\t\t\t\t\t\t\t\t<\/div>\n\t\t\t\t<\/div>\n\t\t\t\t\t<\/div>\n\t\t<\/div>\n\t\t\t\t<div class=\"elementor-column elementor-col-33 elementor-top-column elementor-element elementor-element-3ea901c\" data-id=\"3ea901c\" data-element_type=\"column\">\n\t\t\t<div class=\"elementor-widget-wrap elementor-element-populated\">\n\t\t\t\t\t\t<div class=\"elementor-element elementor-element-ce6901e elementor-invisible elementor-widget elementor-widget-image\" data-id=\"ce6901e\" data-element_type=\"widget\" data-settings=\"{&quot;_animation&quot;:&quot;fadeIn&quot;}\" data-widget_type=\"image.default\">\n\t\t\t\t<div class=\"elementor-widget-container\">\n\t\t\t\t\t\t\t\t\t\t\t\t\t\t<a href=\"https:\/\/osapam.fr\/event\/site-internet-ameliorer-votre-referencement\/\">\n\t\t\t\t\t\t\t<img decoding=\"async\" width=\"819\" height=\"1024\" src=\"https:\/\/osapam.fr\/wp-content\/uploads\/2024\/02\/site-internet-819x1024.jpg\" class=\"elementor-animation-grow attachment-large size-large wp-image-4286\" alt=\"\" srcset=\"https:\/\/osapam.fr\/wp-content\/uploads\/2024\/02\/site-internet-819x1024.jpg 819w, https:\/\/osapam.fr\/wp-content\/uploads\/2024\/02\/site-internet-240x300.jpg 240w, https:\/\/osapam.fr\/wp-content\/uploads\/2024\/02\/site-internet-768x960.jpg 768w, https:\/\/osapam.fr\/wp-content\/uploads\/2024\/02\/site-internet.jpg 1000w\" sizes=\"(max-width: 819px) 100vw, 819px\" \/>\t\t\t\t\t\t\t\t<\/a>\n\t\t\t\t\t\t\t\t\t\t\t\t\t<\/div>\n\t\t\t\t<\/div>\n\t\t\t\t\t<\/div>\n\t\t<\/div>\n\t\t\t\t<div class=\"elementor-column elementor-col-33 elementor-top-column elementor-element elementor-element-3a18ad3\" data-id=\"3a18ad3\" data-element_type=\"column\">\n\t\t\t<div class=\"elementor-widget-wrap\">\n\t\t\t\t\t\t\t<\/div>\n\t\t<\/div>\n\t\t\t\t\t<\/div>\n\t\t<\/section>\n\t\t\t\t<section class=\"elementor-section elementor-top-section elementor-element elementor-element-3942ddf elementor-section-boxed elementor-section-height-default elementor-section-height-default wpr-particle-no wpr-jarallax-no wpr-parallax-no wpr-sticky-section-no\" data-id=\"3942ddf\" data-element_type=\"section\">\n\t\t\t\t\t\t<div class=\"elementor-container elementor-column-gap-default\">\n\t\t\t\t\t<div class=\"elementor-column elementor-col-100 elementor-top-column elementor-element elementor-element-62c8e3d\" data-id=\"62c8e3d\" data-element_type=\"column\">\n\t\t\t<div class=\"elementor-widget-wrap elementor-element-populated\">\n\t\t\t\t\t\t<div class=\"elementor-element elementor-element-8947c17 elementor-widget elementor-widget-spacer\" data-id=\"8947c17\" data-element_type=\"widget\" data-widget_type=\"spacer.default\">\n\t\t\t\t<div class=\"elementor-widget-container\">\n\t\t\t\t\t<div class=\"elementor-spacer\">\n\t\t\t<div class=\"elementor-spacer-inner\"><\/div>\n\t\t<\/div>\n\t\t\t\t<\/div>\n\t\t\t\t<\/div>\n\t\t\t\t\t<\/div>\n\t\t<\/div>\n\t\t\t\t\t<\/div>\n\t\t<\/section>\n\t\t\t\t<section class=\"elementor-section elementor-top-section elementor-element elementor-element-9ce89c8 elementor-section-boxed elementor-section-height-default elementor-section-height-default wpr-particle-no wpr-jarallax-no wpr-parallax-no wpr-sticky-section-no\" data-id=\"9ce89c8\" data-element_type=\"section\">\n\t\t\t\t\t\t<div class=\"elementor-container elementor-column-gap-default\">\n\t\t\t\t\t<div class=\"elementor-column elementor-col-100 elementor-top-column elementor-element elementor-element-f43d761\" data-id=\"f43d761\" data-element_type=\"column\">\n\t\t\t<div class=\"elementor-widget-wrap elementor-element-populated\">\n\t\t\t\t\t\t<div class=\"elementor-element elementor-element-267848d elementor-invisible elementor-widget elementor-widget-heading\" data-id=\"267848d\" data-element_type=\"widget\" data-settings=\"{&quot;_animation&quot;:&quot;fadeIn&quot;}\" data-widget_type=\"heading.default\">\n\t\t\t\t<div class=\"elementor-widget-container\">\n\t\t\t<h2 class=\"elementor-heading-title elementor-size-default\">Plus tard dans l'ann\u00e9e<\/h2>\t\t<\/div>\n\t\t\t\t<\/div>\n\t\t\t\t\t<\/div>\n\t\t<\/div>\n\t\t\t\t\t<\/div>\n\t\t<\/section>\n\t\t\t\t<section class=\"elementor-section elementor-top-section elementor-element elementor-element-d30c9dd elementor-section-boxed elementor-section-height-default elementor-section-height-default wpr-particle-no wpr-jarallax-no wpr-parallax-no wpr-sticky-section-no\" data-id=\"d30c9dd\" data-element_type=\"section\">\n\t\t\t\t\t\t<div class=\"elementor-container elementor-column-gap-default\">\n\t\t\t\t\t<div class=\"elementor-column elementor-col-33 elementor-top-column elementor-element elementor-element-00a715d\" data-id=\"00a715d\" data-element_type=\"column\">\n\t\t\t<div class=\"elementor-widget-wrap elementor-element-populated\">\n\t\t\t\t\t\t<div class=\"elementor-element elementor-element-7665dcc elementor-invisible elementor-widget elementor-widget-image\" data-id=\"7665dcc\" data-element_type=\"widget\" data-settings=\"{&quot;_animation&quot;:&quot;fadeIn&quot;}\" data-widget_type=\"image.default\">\n\t\t\t\t<div class=\"elementor-widget-container\">\n\t\t\t\t\t\t\t\t\t\t\t\t\t<img loading=\"lazy\" decoding=\"async\" width=\"819\" height=\"1024\" src=\"https:\/\/osapam.fr\/wp-content\/uploads\/2024\/02\/Les-reseaux-sociaux-819x1024.jpg\" class=\"attachment-large size-large wp-image-4287\" alt=\"\" srcset=\"https:\/\/osapam.fr\/wp-content\/uploads\/2024\/02\/Les-reseaux-sociaux-819x1024.jpg 819w, https:\/\/osapam.fr\/wp-content\/uploads\/2024\/02\/Les-reseaux-sociaux-240x300.jpg 240w, https:\/\/osapam.fr\/wp-content\/uploads\/2024\/02\/Les-reseaux-sociaux-768x960.jpg 768w, https:\/\/osapam.fr\/wp-content\/uploads\/2024\/02\/Les-reseaux-sociaux.jpg 1000w\" sizes=\"(max-width: 819px) 100vw, 819px\" \/>\t\t\t\t\t\t\t\t\t\t\t\t\t<\/div>\n\t\t\t\t<\/div>\n\t\t\t\t\t<\/div>\n\t\t<\/div>\n\t\t\t\t<div class=\"elementor-column elementor-col-33 elementor-top-column elementor-element elementor-element-d79181d\" data-id=\"d79181d\" data-element_type=\"column\">\n\t\t\t<div class=\"elementor-widget-wrap elementor-element-populated\">\n\t\t\t\t\t\t<div class=\"elementor-element elementor-element-a3b2dba elementor-invisible elementor-widget elementor-widget-image\" data-id=\"a3b2dba\" data-element_type=\"widget\" data-settings=\"{&quot;_animation&quot;:&quot;fadeIn&quot;}\" data-widget_type=\"image.default\">\n\t\t\t\t<div class=\"elementor-widget-container\">\n\t\t\t\t\t\t\t\t\t\t\t\t\t<img loading=\"lazy\" decoding=\"async\" width=\"819\" height=\"1024\" src=\"https:\/\/osapam.fr\/wp-content\/uploads\/2024\/02\/Henrri-819x1024.jpg\" class=\"attachment-large size-large wp-image-4288\" alt=\"\" srcset=\"https:\/\/osapam.fr\/wp-content\/uploads\/2024\/02\/Henrri-819x1024.jpg 819w, https:\/\/osapam.fr\/wp-content\/uploads\/2024\/02\/Henrri-240x300.jpg 240w, https:\/\/osapam.fr\/wp-content\/uploads\/2024\/02\/Henrri-768x960.jpg 768w, https:\/\/osapam.fr\/wp-content\/uploads\/2024\/02\/Henrri.jpg 1000w\" sizes=\"(max-width: 819px) 100vw, 819px\" \/>\t\t\t\t\t\t\t\t\t\t\t\t\t<\/div>\n\t\t\t\t<\/div>\n\t\t\t\t\t<\/div>\n\t\t<\/div>\n\t\t\t\t<div class=\"elementor-column elementor-col-33 elementor-top-column elementor-element elementor-element-2ad68f2\" data-id=\"2ad68f2\" data-element_type=\"column\">\n\t\t\t<div class=\"elementor-widget-wrap elementor-element-populated\">\n\t\t\t\t\t\t<div class=\"elementor-element elementor-element-604846e elementor-invisible elementor-widget elementor-widget-image\" data-id=\"604846e\" data-element_type=\"widget\" data-settings=\"{&quot;_animation&quot;:&quot;fadeIn&quot;}\" data-widget_type=\"image.default\">\n\t\t\t\t<div class=\"elementor-widget-container\">\n\t\t\t\t\t\t\t\t\t\t\t\t\t<img loading=\"lazy\" decoding=\"async\" width=\"819\" height=\"1024\" src=\"https:\/\/osapam.fr\/wp-content\/uploads\/2024\/02\/chorus-819x1024.jpg\" class=\"attachment-large size-large wp-image-4289\" alt=\"\" srcset=\"https:\/\/osapam.fr\/wp-content\/uploads\/2024\/02\/chorus-819x1024.jpg 819w, https:\/\/osapam.fr\/wp-content\/uploads\/2024\/02\/chorus-240x300.jpg 240w, https:\/\/osapam.fr\/wp-content\/uploads\/2024\/02\/chorus-768x960.jpg 768w, https:\/\/osapam.fr\/wp-content\/uploads\/2024\/02\/chorus.jpg 1000w\" sizes=\"(max-width: 819px) 100vw, 819px\" \/>\t\t\t\t\t\t\t\t\t\t\t\t\t<\/div>\n\t\t\t\t<\/div>\n\t\t\t\t\t<\/div>\n\t\t<\/div>\n\t\t\t\t\t<\/div>\n\t\t<\/section>\n\t\t\t\t<\/div>\n\t\t","protected":false},"excerpt":{"rendered":"<p>Les ateliers techniques Dans le cadre de notre mission d&#8217;accompagnement \u00e0 la vie associative nous vous proposons de d\u00e9velopper vos comp\u00e9tences par le biais de&hellip;<\/p>\n","protected":false},"author":1,"featured_media":0,"parent":0,"menu_order":0,"comment_status":"closed","ping_status":"closed","template":"","meta":{"_uag_custom_page_level_css":"","_monsterinsights_skip_tracking":false,"_monsterinsights_sitenote_active":false,"_monsterinsights_sitenote_note":"","_monsterinsights_sitenote_category":0,"footnotes":""},"aioseo_notices":[],"uagb_featured_image_src":{"full":false,"thumbnail":false,"medium":false,"medium_large":false,"large":false,"1536x1536":false,"2048x2048":false},"uagb_author_info":{"display_name":"Administrateur","author_link":"https:\/\/osapam.fr\/it\/author\/admin4376\/"},"uagb_comment_info":0,"uagb_excerpt":"Les ateliers techniques Dans le cadre de notre mission d&#8217;accompagnement \u00e0 la vie associative nous vous proposons de d\u00e9velopper vos comp\u00e9tences par le biais de&hellip;","_links":{"self":[{"href":"https:\/\/osapam.fr\/it\/wp-json\/wp\/v2\/pages\/2715"}],"collection":[{"href":"https:\/\/osapam.fr\/it\/wp-json\/wp\/v2\/pages"}],"about":[{"href":"https:\/\/osapam.fr\/it\/wp-json\/wp\/v2\/types\/page"}],"author":[{"embeddable":true,"href":"https:\/\/osapam.fr\/it\/wp-json\/wp\/v2\/users\/1"}],"replies":[{"embeddable":true,"href":"https:\/\/osapam.fr\/it\/wp-json\/wp\/v2\/comments?post=2715"}],"version-history":[{"count":33,"href":"https:\/\/osapam.fr\/it\/wp-json\/wp\/v2\/pages\/2715\/revisions"}],"predecessor-version":[{"id":4353,"href":"https:\/\/osapam.fr\/it\/wp-json\/wp\/v2\/pages\/2715\/revisions\/4353"}],"wp:attachment":[{"href":"https:\/\/osapam.fr\/it\/wp-json\/wp\/v2\/media?parent=2715"}],"curies":[{"name":"wp","href":"https:\/\/api.w.org\/{rel}","templated":true}]}}