{"id":2509,"date":"2022-10-27T09:37:30","date_gmt":"2022-10-27T07:37:30","guid":{"rendered":"https:\/\/osapam.fr\/?page_id=2509"},"modified":"2025-01-24T12:42:27","modified_gmt":"2025-01-24T11:42:27","slug":"passsport","status":"publish","type":"page","link":"https:\/\/osapam.fr\/it\/passsport\/","title":{"rendered":"Pass&#8217;Sport"},"content":{"rendered":"\n<h1 class=\"wp-block-heading has-text-align-center has-luminous-vivid-orange-color has-text-color has-x-large-font-size\"><strong>Pass&#8217;Sport<\/strong><\/h1>\n\n\n\n<div style=\"height:16px\" aria-hidden=\"true\" class=\"wp-block-spacer\"><\/div>\n\n\n\n<figure class=\"wp-block-image size-large\"><img fetchpriority=\"high\" decoding=\"async\" width=\"1024\" height=\"244\" src=\"https:\/\/osapam.fr\/wp-content\/uploads\/2022\/08\/ACT-4-1024x244.png\" alt=\"\" class=\"wp-image-2069\" srcset=\"https:\/\/osapam.fr\/wp-content\/uploads\/2022\/08\/ACT-4-1024x244.png 1024w, https:\/\/osapam.fr\/wp-content\/uploads\/2022\/08\/ACT-4-300x72.png 300w, https:\/\/osapam.fr\/wp-content\/uploads\/2022\/08\/ACT-4-768x183.png 768w, https:\/\/osapam.fr\/wp-content\/uploads\/2022\/08\/ACT-4.png 1048w\" sizes=\"(max-width: 1024px) 100vw, 1024px\" \/><\/figure>\n\n\n\n<div style=\"height:16px\" aria-hidden=\"true\" class=\"wp-block-spacer\"><\/div>\n\n\n\n<h1 class=\"wp-block-heading\"><strong>Pass&#8217;Sport: une aide financi\u00e8re \u00e0 la pratique sportive<\/strong><\/h1>\n\n\n\n<p>Le Pass\u2019Sport est une allocation de rentr\u00e9e sportive de 50 euros par enfant\/jeune adulte pour financer tout ou partie de son inscription dans une association sportive volontaire.<\/p>\n\n\n\n<p>LE PASS\u2019SPORT est reconduit pour la saison sportive 2024-2025.<\/p>\n\n\n\n<p>Le Pass\u2019Sport peut financer tout ou une partie de l&#8217;inscription dans une structure sportive \u00e9ligible pour la saison 2024-2025. \u00a0<\/p>\n\n\n\n<p><strong>Les concern\u00e9s sont :<\/strong><\/p>\n\n\n\n<div class=\"wp-block-group\"><div class=\"wp-block-group__inner-container is-layout-flow wp-block-group-is-layout-flow\">\n<ul>\n<li>les enfants de 6\u00a0\u00e0 17\u00a0ans dont les familles per\u00e7oivent l&#8217;allocation de rentr\u00e9e scolaire (ARS)\u00a0;<\/li>\n\n\n\n<li>les enfants de 6 \u00e0 19\u00a0ans dont les familles per\u00e7oivent l&#8217;allocation d&#8217;\u00e9ducation de l&#8217;enfant handicap\u00e9 (AEEH)\u00a0;<\/li>\n\n\n\n<li>les enfants de 16 \u00e0 30\u00a0ans b\u00e9n\u00e9ficiaires de l&#8217;allocation adulte handicap\u00e9 (AAH).<\/li>\n\n\n\n<li>Elle s&#8217;adresse \u00e9galement aux \u00e9tudiants, jusqu&#8217;\u00e0\u00a028\u00a0ans r\u00e9volus, qui b\u00e9n\u00e9ficient,\u00a0<strong>au plus tard le 15\u00a0octobre\u00a02024<\/strong>, d&#8217;une\u00a0:<\/li>\n\n\n\n<li>bourse sur crit\u00e8res sociaux de l&#8217;enseignement sup\u00e9rieur ou d&#8217;une aide annuelle accord\u00e9e par les centres r\u00e9gionaux des \u0153uvres universitaires et scolaires (Crous)\u00a0;<\/li>\n\n\n\n<li>aide annuelle sous conditions de ressources dans le cadre des formations sanitaires et sociales.<\/li>\n<\/ul>\n<\/div><\/div>\n\n\n\n<div style=\"height:16px\" aria-hidden=\"true\" class=\"wp-block-spacer\"><\/div>\n\n\n\n<h2 class=\"wp-block-heading\"><strong>Lien vers la page Pass-Sport gouvernementale<\/strong><\/h2>\n\n\n\n<figure class=\"wp-block-embed is-type-wp-embed is-provider-pass-039-sport wp-block-embed-pass-039-sport\"><div class=\"wp-block-embed__wrapper\">\nhttps:\/\/www.service-public.fr\/particuliers\/actualites\/A15850\n<\/div><\/figure>\n\n\n\n<div style=\"height:15px\" aria-hidden=\"true\" class=\"wp-block-spacer\"><\/div>\n\n\n\n<h2 class=\"wp-block-heading\"><strong>Cartographie des structures Pass-Sport 2022-2023<\/strong><\/h2>\n\n\n\n<p><a href=\"https:\/\/sports-sgsocialgouv.opendatasoft.com\/pages\/pass-sports\/\" target=\"_blank\" rel=\"noopener\" title=\"\">https:\/\/sports-sgsocialgouv.opendatasoft.com\/pages\/pass-sports\/<\/a><\/p>\n","protected":false},"excerpt":{"rendered":"<p>Pass&#8217;Sport Pass&#8217;Sport: une aide financi\u00e8re \u00e0 la pratique sportive Le Pass\u2019Sport est une allocation de rentr\u00e9e sportive de 50 euros par enfant\/jeune adulte pour financer&hellip;<\/p>\n","protected":false},"author":1,"featured_media":0,"parent":0,"menu_order":0,"comment_status":"closed","ping_status":"closed","template":"","meta":{"_uag_custom_page_level_css":"","_monsterinsights_skip_tracking":false,"_monsterinsights_sitenote_active":false,"_monsterinsights_sitenote_note":"","_monsterinsights_sitenote_category":0,"footnotes":""},"aioseo_notices":[],"uagb_featured_image_src":{"full":false,"thumbnail":false,"medium":false,"medium_large":false,"large":false,"1536x1536":false,"2048x2048":false},"uagb_author_info":{"display_name":"Administrateur","author_link":"https:\/\/osapam.fr\/it\/author\/admin4376\/"},"uagb_comment_info":0,"uagb_excerpt":"Pass&#8217;Sport Pass&#8217;Sport: une aide financi\u00e8re \u00e0 la pratique sportive Le Pass\u2019Sport est une allocation de rentr\u00e9e sportive de 50 euros par enfant\/jeune adulte pour financer&hellip;","_links":{"self":[{"href":"https:\/\/osapam.fr\/it\/wp-json\/wp\/v2\/pages\/2509"}],"collection":[{"href":"https:\/\/osapam.fr\/it\/wp-json\/wp\/v2\/pages"}],"about":[{"href":"https:\/\/osapam.fr\/it\/wp-json\/wp\/v2\/types\/page"}],"author":[{"embeddable":true,"href":"https:\/\/osapam.fr\/it\/wp-json\/wp\/v2\/users\/1"}],"replies":[{"embeddable":true,"href":"https:\/\/osapam.fr\/it\/wp-json\/wp\/v2\/comments?post=2509"}],"version-history":[{"count":5,"href":"https:\/\/osapam.fr\/it\/wp-json\/wp\/v2\/pages\/2509\/revisions"}],"predecessor-version":[{"id":4815,"href":"https:\/\/osapam.fr\/it\/wp-json\/wp\/v2\/pages\/2509\/revisions\/4815"}],"wp:attachment":[{"href":"https:\/\/osapam.fr\/it\/wp-json\/wp\/v2\/media?parent=2509"}],"curies":[{"name":"wp","href":"https:\/\/api.w.org\/{rel}","templated":true}]}}