{"id":2232,"date":"2023-10-24T11:19:18","date_gmt":"2023-10-24T09:19:18","guid":{"rendered":"https:\/\/osapam.fr\/?page_id=2232"},"modified":"2024-09-30T12:25:41","modified_gmt":"2024-09-30T10:25:41","slug":"utilisation-des-gymnases","status":"publish","type":"page","link":"https:\/\/osapam.fr\/it\/utilisation-des-gymnases\/","title":{"rendered":"Utilisation des gymnases"},"content":{"rendered":"\n<p class=\"has-text-align-center has-luminous-vivid-orange-color has-text-color has-x-large-font-size\"><strong>Utilisation des gymnases<\/strong><\/p>\n\n\n\n<div style=\"height:15px\" aria-hidden=\"true\" class=\"wp-block-spacer\"><\/div>\n\n\n\n<figure class=\"wp-block-image alignfull size-large\"><img fetchpriority=\"high\" decoding=\"async\" width=\"1024\" height=\"244\" src=\"https:\/\/osapam.fr\/wp-content\/uploads\/2023\/10\/Cap-JO-1-1024x244.png\" alt=\"\" class=\"wp-image-3218\" srcset=\"https:\/\/osapam.fr\/wp-content\/uploads\/2023\/10\/Cap-JO-1-1024x244.png 1024w, https:\/\/osapam.fr\/wp-content\/uploads\/2023\/10\/Cap-JO-1-300x72.png 300w, https:\/\/osapam.fr\/wp-content\/uploads\/2023\/10\/Cap-JO-1-768x183.png 768w, https:\/\/osapam.fr\/wp-content\/uploads\/2023\/10\/Cap-JO-1.png 1048w\" sizes=\"(max-width: 1024px) 100vw, 1024px\" \/><\/figure>\n\n\n\n<p>L\u2019OSAPAM a sign\u00e9 une convention avec le Conseil r\u00e9gional et lyc\u00e9e concern\u00e9. Il g\u00e8re les cr\u00e9neaux allou\u00e9s aux associations sportives.<\/p>\n\n\n\n<p>L\u2019OSAPAM r\u00e8gle l\u2019int\u00e9gralit\u00e9 de la facture \u00e9mise en juin et en d\u00e9cembre par l\u2019\u00e9tablissement puis refacture aux associations avec qui une convention a \u00e9t\u00e9 sign\u00e9e.&nbsp;&nbsp;<\/p>\n\n\n\n<ul>\n<li><strong>Gymnase du Lyc\u00e9e Agricole Jacques Bujault, EPLEFPA Terres et paysages sud Deux-S\u00e8vres<\/strong><\/li>\n<\/ul>\n\n\n\n<p>Pour cette saison 2024-2025, 4 associations utilisent le gymnase<\/p>\n\n\n\n<ul>\n<li>La Troupe roller melloise le mercredi de 17h30 \u00e0 19h00 et le samedi de 9h00 \u00e0 12h30<\/li>\n\n\n\n<li>L\u2019ASPM le mercredi de 19h30 \u00e0 21h00<\/li>\n\n\n\n<li>Le basketball mellois le vendredi de 18h00 \u00e0 19h30<\/li>\n\n\n\n<li>L&#8217;AS St Martin le vendredi de 19h30 \u00e0 21h00<\/li>\n<\/ul>\n\n\n\n<p>Pour la saison 2024-2025, le tarif de location est de \u00e0 <strong>10,00\u20ac \/heure<\/strong>.<\/p>\n\n\n\n<div style=\"height:15px\" aria-hidden=\"true\" class=\"wp-block-spacer\"><\/div>\n\n\n\n<ul>\n<li><strong>Gymnase du Lyc\u00e9e Joseph Desfontaines<\/strong><\/li>\n<\/ul>\n\n\n\n<p>4 associations utilisent la structure : <\/p>\n\n\n\n<ul>\n<li>L&#8217;Olympique Mellois Volleyball:&nbsp;le lundi de 18h30 \u00e0 20h30, le mardi de&nbsp;18h00 \u00e0 20h00, le mercredi de 18h30 \u00e0 19h30 et le jeudi de 18h00 \u00e0 22h30<\/li>\n\n\n\n<li>Le Tchoukball Club Mellois le lundi de 20h30 \u00e0 22h30, le mercredi de 19h30 \u00e0 21h30 et le vendredi de 18h00 \u00e0 19h30<\/li>\n\n\n\n<li>La Troupe Roller Melloise le vendredi de 19h30 \u00e0 21h00<\/li>\n\n\n\n<li>L&#8217;OSAPAM le mercredi de 17h00 \u00e0 18h30<\/li>\n<\/ul>\n\n\n\n<p>Pour la saison 2024-2025 le tarif est de <strong>5,00\u20ac \/heure<\/strong>.<\/p>\n\n\n\n<p>La Ville de Melle rembourse les frais li\u00e9s \u00e0 l\u2019utilisation par l\u2019Olympique Mellois Volleyball et le Tchoukball Club Mellois qui ne b\u00e9n\u00e9ficient pas d\u2019autres installations.&nbsp;<\/p>\n","protected":false},"excerpt":{"rendered":"<p>Utilisation des gymnases L\u2019OSAPAM a sign\u00e9 une convention avec le Conseil r\u00e9gional et lyc\u00e9e concern\u00e9. Il g\u00e8re les cr\u00e9neaux allou\u00e9s aux associations sportives. L\u2019OSAPAM r\u00e8gle&hellip;<\/p>\n","protected":false},"author":1,"featured_media":0,"parent":0,"menu_order":0,"comment_status":"closed","ping_status":"closed","template":"","meta":{"_uag_custom_page_level_css":"","_monsterinsights_skip_tracking":false,"_monsterinsights_sitenote_active":false,"_monsterinsights_sitenote_note":"","_monsterinsights_sitenote_category":0,"footnotes":""},"aioseo_notices":[],"uagb_featured_image_src":{"full":false,"thumbnail":false,"medium":false,"medium_large":false,"large":false,"1536x1536":false,"2048x2048":false},"uagb_author_info":{"display_name":"Administrateur","author_link":"https:\/\/osapam.fr\/it\/author\/admin4376\/"},"uagb_comment_info":0,"uagb_excerpt":"Utilisation des gymnases L\u2019OSAPAM a sign\u00e9 une convention avec le Conseil r\u00e9gional et lyc\u00e9e concern\u00e9. Il g\u00e8re les cr\u00e9neaux allou\u00e9s aux associations sportives. L\u2019OSAPAM r\u00e8gle&hellip;","_links":{"self":[{"href":"https:\/\/osapam.fr\/it\/wp-json\/wp\/v2\/pages\/2232"}],"collection":[{"href":"https:\/\/osapam.fr\/it\/wp-json\/wp\/v2\/pages"}],"about":[{"href":"https:\/\/osapam.fr\/it\/wp-json\/wp\/v2\/types\/page"}],"author":[{"embeddable":true,"href":"https:\/\/osapam.fr\/it\/wp-json\/wp\/v2\/users\/1"}],"replies":[{"embeddable":true,"href":"https:\/\/osapam.fr\/it\/wp-json\/wp\/v2\/comments?post=2232"}],"version-history":[{"count":8,"href":"https:\/\/osapam.fr\/it\/wp-json\/wp\/v2\/pages\/2232\/revisions"}],"predecessor-version":[{"id":4749,"href":"https:\/\/osapam.fr\/it\/wp-json\/wp\/v2\/pages\/2232\/revisions\/4749"}],"wp:attachment":[{"href":"https:\/\/osapam.fr\/it\/wp-json\/wp\/v2\/media?parent=2232"}],"curies":[{"name":"wp","href":"https:\/\/api.w.org\/{rel}","templated":true}]}}