{"id":1656,"date":"2022-08-09T12:20:39","date_gmt":"2022-08-09T10:20:39","guid":{"rendered":"https:\/\/osapam.fr\/?page_id=1656"},"modified":"2026-04-02T16:14:44","modified_gmt":"2026-04-02T14:14:44","slug":"les-randonnees","status":"publish","type":"page","link":"https:\/\/osapam.fr\/it\/les-randonnees\/","title":{"rendered":"Les randonn\u00e9es"},"content":{"rendered":"\t\t<div data-elementor-type=\"wp-page\" data-elementor-id=\"1656\" class=\"elementor elementor-1656\">\n\t\t\t\t\t\t<section class=\"elementor-section elementor-top-section elementor-element elementor-element-a2085d8 elementor-section-boxed elementor-section-height-default elementor-section-height-default wpr-particle-no wpr-jarallax-no wpr-parallax-no wpr-sticky-section-no\" data-id=\"a2085d8\" data-element_type=\"section\">\n\t\t\t\t\t\t<div class=\"elementor-container elementor-column-gap-default\">\n\t\t\t\t\t<div class=\"elementor-column elementor-col-100 elementor-top-column elementor-element elementor-element-5ea9aff\" data-id=\"5ea9aff\" data-element_type=\"column\">\n\t\t\t<div class=\"elementor-widget-wrap elementor-element-populated\">\n\t\t\t\t\t\t<div class=\"elementor-element elementor-element-8803465 elementor-widget elementor-widget-heading\" data-id=\"8803465\" data-element_type=\"widget\" data-widget_type=\"heading.default\">\n\t\t\t\t<div class=\"elementor-widget-container\">\n\t\t\t<h1 class=\"elementor-heading-title elementor-size-default\">Les \u00e9quipes<\/h1>\t\t<\/div>\n\t\t\t\t<\/div>\n\t\t\t\t\t<\/div>\n\t\t<\/div>\n\t\t\t\t\t<\/div>\n\t\t<\/section>\n\t\t\t\t<section class=\"elementor-section elementor-top-section elementor-element elementor-element-0058bb3 elementor-section-boxed elementor-section-height-default elementor-section-height-default wpr-particle-no wpr-jarallax-no wpr-parallax-no wpr-sticky-section-no\" data-id=\"0058bb3\" data-element_type=\"section\">\n\t\t\t\t\t\t<div class=\"elementor-container elementor-column-gap-default\">\n\t\t\t\t\t<div class=\"elementor-column elementor-col-100 elementor-top-column elementor-element elementor-element-7477985\" data-id=\"7477985\" data-element_type=\"column\">\n\t\t\t<div class=\"elementor-widget-wrap elementor-element-populated\">\n\t\t\t\t\t\t\t<\/div>\n\t\t<\/div>\n\t\t\t\t\t<\/div>\n\t\t<\/section>\n\t\t\t\t<section class=\"elementor-section elementor-top-section elementor-element elementor-element-889656d elementor-section-boxed elementor-section-height-default elementor-section-height-default wpr-particle-no wpr-jarallax-no wpr-parallax-no wpr-sticky-section-no\" data-id=\"889656d\" data-element_type=\"section\">\n\t\t\t\t\t\t<div class=\"elementor-container elementor-column-gap-default\">\n\t\t\t\t\t<div class=\"elementor-column elementor-col-100 elementor-top-column elementor-element elementor-element-b535bbf\" data-id=\"b535bbf\" data-element_type=\"column\">\n\t\t\t<div class=\"elementor-widget-wrap elementor-element-populated\">\n\t\t\t\t\t\t<div class=\"elementor-element elementor-element-c3f7ce9 elementor-widget elementor-widget-text-editor\" data-id=\"c3f7ce9\" data-element_type=\"widget\" data-widget_type=\"text-editor.default\">\n\t\t\t\t<div class=\"elementor-widget-container\">\n\t\t\t\t\t\t\t<p>Les prochaines randonn\u00e9es arrivent !&nbsp;<\/p>\t\t\t\t\t\t<\/div>\n\t\t\t\t<\/div>\n\t\t\t\t\t<\/div>\n\t\t<\/div>\n\t\t\t\t\t<\/div>\n\t\t<\/section>\n\t\t\t\t<section class=\"elementor-section elementor-top-section elementor-element elementor-element-3a48d0c elementor-section-boxed elementor-section-height-default elementor-section-height-default wpr-particle-no wpr-jarallax-no wpr-parallax-no wpr-sticky-section-no\" data-id=\"3a48d0c\" data-element_type=\"section\">\n\t\t\t\t\t\t<div class=\"elementor-container elementor-column-gap-default\">\n\t\t\t\t\t<div class=\"elementor-column elementor-col-100 elementor-top-column elementor-element elementor-element-968c630\" data-id=\"968c630\" data-element_type=\"column\">\n\t\t\t<div class=\"elementor-widget-wrap elementor-element-populated\">\n\t\t\t\t\t\t<div class=\"elementor-element elementor-element-1674270 elementor-widget elementor-widget-text-editor\" data-id=\"1674270\" data-element_type=\"widget\" data-widget_type=\"text-editor.default\">\n\t\t\t\t<div class=\"elementor-widget-container\">\n\t\t\t\t\t\t\t<p><span style=\"color: var( --e-global-color-text ); font-family: var( --e-global-typography-text-font-family ), Sans-serif; font-weight: var( --e-global-typography-text-font-weight );\">L\u2019<\/span><strong style=\"color: var( --e-global-color-text ); font-family: var( --e-global-typography-text-font-family ), Sans-serif;\">OSAPAM<\/strong><span style=\"color: var( --e-global-color-text ); font-family: var( --e-global-typography-text-font-family ), Sans-serif; font-weight: var( --e-global-typography-text-font-weight );\">&nbsp;organise des randonn\u00e9es en groupe lors des vacances scolaires.&nbsp;<\/span><\/p>\n<p>Ces randonn\u00e9es conviviales ont pour but de vous faire d\u00e9couvrir les lieux historique et les places &#8220;fortes&#8221; du pays mellois, le long de circuits balis\u00e9s.<\/p>\n<p>Elles sont \u00e9galement l&#8217;occasion de d\u00e9couvrir ou de perfectionner diff\u00e9rentes techniques de marches, (marche sportive, marche nordique&#8230;) et diff\u00e9rentes m\u00e9thodes de respiration, tout en favorisant l&#8217;entretien cardio musculaire par l&#8217;interm\u00e9diaire de mouvements adapt\u00e9s.<\/p>\n<p>Ces randonn\u00e9es sont encadr\u00e9es par un \u00e9ducateur sportif sp\u00e9cialis\u00e9, enseignant en activit\u00e9s physiques adapt\u00e9es.<\/p>\n<p>Pour la r\u00e9servation des randonn\u00e9es, vous pouvez nous contacter par t\u00e9l\u00e9phone au :&nbsp;<strong>05-49-27-92-43<\/strong> ou par mail: <strong>osapam@orange.fr<\/strong><\/p>\n<p>Le tarif est de 6 \u20ac par personne et par randonn\u00e9e (tarif r\u00e9duit \u00e0 10\u20ac pour 2 randonn\u00e9es), (gratuit pour les mineurs).<\/p>\t\t\t\t\t\t<\/div>\n\t\t\t\t<\/div>\n\t\t\t\t<div class=\"elementor-element elementor-element-9467a96 elementor-widget elementor-widget-spacer\" data-id=\"9467a96\" data-element_type=\"widget\" data-widget_type=\"spacer.default\">\n\t\t\t\t<div class=\"elementor-widget-container\">\n\t\t\t\t\t<div class=\"elementor-spacer\">\n\t\t\t<div class=\"elementor-spacer-inner\"><\/div>\n\t\t<\/div>\n\t\t\t\t<\/div>\n\t\t\t\t<\/div>\n\t\t\t\t\t<\/div>\n\t\t<\/div>\n\t\t\t\t\t<\/div>\n\t\t<\/section>\n\t\t\t\t<section class=\"elementor-section elementor-top-section elementor-element elementor-element-9c786fa elementor-section-boxed elementor-section-height-default elementor-section-height-default wpr-particle-no wpr-jarallax-no wpr-parallax-no wpr-sticky-section-no\" data-id=\"9c786fa\" data-element_type=\"section\">\n\t\t\t\t\t\t<div class=\"elementor-container elementor-column-gap-default\">\n\t\t\t\t\t<div class=\"elementor-column elementor-col-100 elementor-top-column elementor-element elementor-element-15c3406\" data-id=\"15c3406\" data-element_type=\"column\">\n\t\t\t<div class=\"elementor-widget-wrap elementor-element-populated\">\n\t\t\t\t\t\t<div class=\"elementor-element elementor-element-4d4c48a elementor-widget elementor-widget-heading\" data-id=\"4d4c48a\" data-element_type=\"widget\" data-widget_type=\"heading.default\">\n\t\t\t\t<div class=\"elementor-widget-container\">\n\t\t\t<h4 class=\"elementor-heading-title elementor-size-default\">Ci-dessous la fiche d'inscription <\/h4>\t\t<\/div>\n\t\t\t\t<\/div>\n\t\t\t\t\t<\/div>\n\t\t<\/div>\n\t\t\t\t\t<\/div>\n\t\t<\/section>\n\t\t\t\t<section class=\"elementor-section elementor-top-section elementor-element elementor-element-75428eb elementor-section-boxed elementor-section-height-default elementor-section-height-default wpr-particle-no wpr-jarallax-no wpr-parallax-no wpr-sticky-section-no\" data-id=\"75428eb\" data-element_type=\"section\">\n\t\t\t\t\t\t<div class=\"elementor-container elementor-column-gap-default\">\n\t\t\t\t\t<div class=\"elementor-column elementor-col-100 elementor-top-column elementor-element elementor-element-9419afe\" data-id=\"9419afe\" data-element_type=\"column\">\n\t\t\t<div class=\"elementor-widget-wrap elementor-element-populated\">\n\t\t\t\t\t\t<div class=\"elementor-element elementor-element-f4dab7a elementor-view-stacked elementor-shape-circle elementor-invisible elementor-widget elementor-widget-icon\" data-id=\"f4dab7a\" data-element_type=\"widget\" data-settings=\"{&quot;_animation&quot;:&quot;fadeIn&quot;}\" data-widget_type=\"icon.default\">\n\t\t\t\t<div class=\"elementor-widget-container\">\n\t\t\t\t\t<div class=\"elementor-icon-wrapper\">\n\t\t\t<a class=\"elementor-icon elementor-animation-grow\" href=\"https:\/\/osapam.fr\/wp-content\/uploads\/2026\/04\/fiche-dinscription-randonnees-Avril-2026.pdf\" target=\"_blank\">\n\t\t\t<i aria-hidden=\"true\" class=\"far fa-file-pdf\"><\/i>\t\t\t<\/a>\n\t\t<\/div>\n\t\t\t\t<\/div>\n\t\t\t\t<\/div>\n\t\t\t\t<div class=\"elementor-element elementor-element-9dd93b3 elementor-widget elementor-widget-image\" data-id=\"9dd93b3\" data-element_type=\"widget\" data-widget_type=\"image.default\">\n\t\t\t\t<div class=\"elementor-widget-container\">\n\t\t\t\t\t\t\t\t\t\t\t\t\t<img fetchpriority=\"high\" decoding=\"async\" width=\"724\" height=\"1024\" src=\"https:\/\/osapam.fr\/wp-content\/uploads\/2026\/04\/affiche-Randos-fevrier-2026-724x1024.jpg\" class=\"attachment-large size-large wp-image-5213\" alt=\"\" srcset=\"https:\/\/osapam.fr\/wp-content\/uploads\/2026\/04\/affiche-Randos-fevrier-2026-724x1024.jpg 724w, https:\/\/osapam.fr\/wp-content\/uploads\/2026\/04\/affiche-Randos-fevrier-2026-212x300.jpg 212w, https:\/\/osapam.fr\/wp-content\/uploads\/2026\/04\/affiche-Randos-fevrier-2026-768x1086.jpg 768w, https:\/\/osapam.fr\/wp-content\/uploads\/2026\/04\/affiche-Randos-fevrier-2026-1086x1536.jpg 1086w, https:\/\/osapam.fr\/wp-content\/uploads\/2026\/04\/affiche-Randos-fevrier-2026.jpg 1414w\" sizes=\"(max-width: 724px) 100vw, 724px\" \/>\t\t\t\t\t\t\t\t\t\t\t\t\t<\/div>\n\t\t\t\t<\/div>\n\t\t\t\t\t<\/div>\n\t\t<\/div>\n\t\t\t\t\t<\/div>\n\t\t<\/section>\n\t\t\t\t<\/div>\n\t\t","protected":false},"excerpt":{"rendered":"<p>Les \u00e9quipes Les prochaines randonn\u00e9es arrivent !&nbsp; L\u2019OSAPAM&nbsp;organise des randonn\u00e9es en groupe lors des vacances scolaires.&nbsp; Ces randonn\u00e9es conviviales ont pour but de vous faire&hellip;<\/p>\n","protected":false},"author":1,"featured_media":0,"parent":0,"menu_order":0,"comment_status":"closed","ping_status":"closed","template":"","meta":{"_uag_custom_page_level_css":"","_monsterinsights_skip_tracking":false,"_monsterinsights_sitenote_active":false,"_monsterinsights_sitenote_note":"","_monsterinsights_sitenote_category":0,"footnotes":""},"aioseo_notices":[],"uagb_featured_image_src":{"full":false,"thumbnail":false,"medium":false,"medium_large":false,"large":false,"1536x1536":false,"2048x2048":false},"uagb_author_info":{"display_name":"Administrateur","author_link":"https:\/\/osapam.fr\/it\/author\/admin4376\/"},"uagb_comment_info":0,"uagb_excerpt":"Les \u00e9quipes Les prochaines randonn\u00e9es arrivent !&nbsp; L\u2019OSAPAM&nbsp;organise des randonn\u00e9es en groupe lors des vacances scolaires.&nbsp; Ces randonn\u00e9es conviviales ont pour but de vous faire&hellip;","_links":{"self":[{"href":"https:\/\/osapam.fr\/it\/wp-json\/wp\/v2\/pages\/1656"}],"collection":[{"href":"https:\/\/osapam.fr\/it\/wp-json\/wp\/v2\/pages"}],"about":[{"href":"https:\/\/osapam.fr\/it\/wp-json\/wp\/v2\/types\/page"}],"author":[{"embeddable":true,"href":"https:\/\/osapam.fr\/it\/wp-json\/wp\/v2\/users\/1"}],"replies":[{"embeddable":true,"href":"https:\/\/osapam.fr\/it\/wp-json\/wp\/v2\/comments?post=1656"}],"version-history":[{"count":126,"href":"https:\/\/osapam.fr\/it\/wp-json\/wp\/v2\/pages\/1656\/revisions"}],"predecessor-version":[{"id":5216,"href":"https:\/\/osapam.fr\/it\/wp-json\/wp\/v2\/pages\/1656\/revisions\/5216"}],"wp:attachment":[{"href":"https:\/\/osapam.fr\/it\/wp-json\/wp\/v2\/media?parent=1656"}],"curies":[{"name":"wp","href":"https:\/\/api.w.org\/{rel}","templated":true}]}}