{"id":1471,"date":"2022-06-13T14:31:39","date_gmt":"2022-06-13T12:31:39","guid":{"rendered":"https:\/\/osapam.fr\/?page_id=1471"},"modified":"2024-02-22T11:54:37","modified_gmt":"2024-02-22T10:54:37","slug":"cap-jo-2024-chef-boutonne-30-juin-2022","status":"publish","type":"page","link":"https:\/\/osapam.fr\/it\/cap-jo-2024-chef-boutonne-30-juin-2022\/","title":{"rendered":"Cap JO 2024 : Chef-Boutonne &#8211; 30 juin"},"content":{"rendered":"\t\t<div data-elementor-type=\"wp-page\" data-elementor-id=\"1471\" class=\"elementor elementor-1471\">\n\t\t\t\t\t\t<section class=\"elementor-section elementor-top-section elementor-element elementor-element-0c54b43 elementor-section-boxed elementor-section-height-default elementor-section-height-default wpr-particle-no wpr-jarallax-no wpr-parallax-no wpr-sticky-section-no\" data-id=\"0c54b43\" data-element_type=\"section\">\n\t\t\t\t\t\t<div class=\"elementor-container elementor-column-gap-default\">\n\t\t\t\t\t<div class=\"elementor-column elementor-col-100 elementor-top-column elementor-element elementor-element-3a90e2d\" data-id=\"3a90e2d\" data-element_type=\"column\">\n\t\t\t<div class=\"elementor-widget-wrap elementor-element-populated\">\n\t\t\t\t\t\t<div class=\"elementor-element elementor-element-63342d9 elementor-invisible elementor-widget elementor-widget-heading\" data-id=\"63342d9\" data-element_type=\"widget\" data-settings=\"{&quot;_animation&quot;:&quot;fadeIn&quot;}\" data-widget_type=\"heading.default\">\n\t\t\t\t<div class=\"elementor-widget-container\">\n\t\t\t<h2 class=\"elementor-heading-title elementor-size-medium\"><span style=\"font-family: var( --e-global-typography-primary-font-family ), Sans-serif;font-size: 2.1em;font-weight: var( --e-global-typography-primary-font-weight )\">Cap JO : 2\u00e8me journ\u00e9e olympique \u00e0 Chef-Boutonne<\/span><\/h2>\t\t<\/div>\n\t\t\t\t<\/div>\n\t\t\t\t\t<\/div>\n\t\t<\/div>\n\t\t\t\t\t<\/div>\n\t\t<\/section>\n\t\t\t\t<section class=\"elementor-section elementor-top-section elementor-element elementor-element-251c61f elementor-section-boxed elementor-section-height-default elementor-section-height-default wpr-particle-no wpr-jarallax-no wpr-parallax-no wpr-sticky-section-no\" data-id=\"251c61f\" data-element_type=\"section\">\n\t\t\t\t\t\t<div class=\"elementor-container elementor-column-gap-default\">\n\t\t\t\t\t<div class=\"elementor-column elementor-col-100 elementor-top-column elementor-element elementor-element-be0bb5f\" data-id=\"be0bb5f\" data-element_type=\"column\">\n\t\t\t<div class=\"elementor-widget-wrap elementor-element-populated\">\n\t\t\t\t\t\t\t<\/div>\n\t\t<\/div>\n\t\t\t\t\t<\/div>\n\t\t<\/section>\n\t\t\t\t<section class=\"elementor-section elementor-top-section elementor-element elementor-element-99c6d28 elementor-section-boxed elementor-section-height-default elementor-section-height-default wpr-particle-no wpr-jarallax-no wpr-parallax-no wpr-sticky-section-no\" data-id=\"99c6d28\" data-element_type=\"section\">\n\t\t\t\t\t\t<div class=\"elementor-container elementor-column-gap-default\">\n\t\t\t\t\t<div class=\"elementor-column elementor-col-100 elementor-top-column elementor-element elementor-element-393e6a9\" data-id=\"393e6a9\" data-element_type=\"column\">\n\t\t\t<div class=\"elementor-widget-wrap elementor-element-populated\">\n\t\t\t\t\t\t<div class=\"elementor-element elementor-element-1465928 elementor-widget elementor-widget-spacer\" data-id=\"1465928\" data-element_type=\"widget\" data-widget_type=\"spacer.default\">\n\t\t\t\t<div class=\"elementor-widget-container\">\n\t\t\t\t\t<div class=\"elementor-spacer\">\n\t\t\t<div class=\"elementor-spacer-inner\"><\/div>\n\t\t<\/div>\n\t\t\t\t<\/div>\n\t\t\t\t<\/div>\n\t\t\t\t\t<\/div>\n\t\t<\/div>\n\t\t\t\t\t<\/div>\n\t\t<\/section>\n\t\t\t\t<section class=\"elementor-section elementor-top-section elementor-element elementor-element-09ce10e elementor-section-boxed elementor-section-height-default elementor-section-height-default wpr-particle-no wpr-jarallax-no wpr-parallax-no wpr-sticky-section-no\" data-id=\"09ce10e\" data-element_type=\"section\">\n\t\t\t\t\t\t<div class=\"elementor-container elementor-column-gap-default\">\n\t\t\t\t\t<div class=\"elementor-column elementor-col-66 elementor-top-column elementor-element elementor-element-e3a04ff\" data-id=\"e3a04ff\" data-element_type=\"column\">\n\t\t\t<div class=\"elementor-widget-wrap elementor-element-populated\">\n\t\t\t\t\t\t<div class=\"elementor-element elementor-element-174b2c4 elementor-invisible elementor-widget elementor-widget-image\" data-id=\"174b2c4\" data-element_type=\"widget\" data-settings=\"{&quot;_animation&quot;:&quot;fadeIn&quot;}\" data-widget_type=\"image.default\">\n\t\t\t\t<div class=\"elementor-widget-container\">\n\t\t\t\t\t\t\t\t\t\t\t\t\t<img fetchpriority=\"high\" decoding=\"async\" width=\"843\" height=\"562\" src=\"https:\/\/osapam.fr\/wp-content\/uploads\/2024\/02\/IMG_1732-1024x683.jpg\" class=\"elementor-animation-shrink attachment-large size-large wp-image-4015\" alt=\"\" srcset=\"https:\/\/osapam.fr\/wp-content\/uploads\/2024\/02\/IMG_1732-1024x683.jpg 1024w, https:\/\/osapam.fr\/wp-content\/uploads\/2024\/02\/IMG_1732-300x200.jpg 300w, https:\/\/osapam.fr\/wp-content\/uploads\/2024\/02\/IMG_1732-768x512.jpg 768w, https:\/\/osapam.fr\/wp-content\/uploads\/2024\/02\/IMG_1732-1536x1024.jpg 1536w, https:\/\/osapam.fr\/wp-content\/uploads\/2024\/02\/IMG_1732-2048x1365.jpg 2048w\" sizes=\"(max-width: 843px) 100vw, 843px\" \/>\t\t\t\t\t\t\t\t\t\t\t\t\t<\/div>\n\t\t\t\t<\/div>\n\t\t\t\t\t<\/div>\n\t\t<\/div>\n\t\t\t\t<div class=\"elementor-column elementor-col-33 elementor-top-column elementor-element elementor-element-251d171\" data-id=\"251d171\" data-element_type=\"column\">\n\t\t\t<div class=\"elementor-widget-wrap elementor-element-populated\">\n\t\t\t\t\t\t<div class=\"elementor-element elementor-element-c3719e5 elementor-invisible elementor-widget elementor-widget-heading\" data-id=\"c3719e5\" data-element_type=\"widget\" data-settings=\"{&quot;_animation&quot;:&quot;fadeIn&quot;}\" data-widget_type=\"heading.default\">\n\t\t\t\t<div class=\"elementor-widget-container\">\n\t\t\t<h2 class=\"elementor-heading-title elementor-size-default\"><span style=\"font-weight: bolder;font-size: 21.72px\"><span style=\"font-weight: bolder\">L'\u00e9dition \"Cap JO 2024 : Chef-Boutonne le 30 juin 2022\" a mobilis\u00e9 :<\/span><\/span><\/h2>\t\t<\/div>\n\t\t\t\t<\/div>\n\t\t\t\t<div class=\"elementor-element elementor-element-d9115f1 elementor-invisible elementor-widget elementor-widget-text-editor\" data-id=\"d9115f1\" data-element_type=\"widget\" data-settings=\"{&quot;_animation&quot;:&quot;fadeIn&quot;}\" data-widget_type=\"text-editor.default\">\n\t\t\t\t<div class=\"elementor-widget-container\">\n\t\t\t\t\t\t\t<ul>\n<li>5 \u00e9coles et 17 classes<\/li>\n<li>280 enfants scolaris\u00e9s du CE1 au CM2<\/li>\n<li>40 b\u00e9n\u00e9voles et 34 enseignants accompagnateurs<\/li>\n<li>8 associations et 23 entreprises partenaires<\/li>\n<\/ul>\t\t\t\t\t\t<\/div>\n\t\t\t\t<\/div>\n\t\t\t\t\t<\/div>\n\t\t<\/div>\n\t\t\t\t\t<\/div>\n\t\t<\/section>\n\t\t\t\t<section class=\"elementor-section elementor-top-section elementor-element elementor-element-af2503d elementor-section-boxed elementor-section-height-default elementor-section-height-default wpr-particle-no wpr-jarallax-no wpr-parallax-no wpr-sticky-section-no\" data-id=\"af2503d\" data-element_type=\"section\">\n\t\t\t\t\t\t<div class=\"elementor-container elementor-column-gap-default\">\n\t\t\t\t\t<div class=\"elementor-column elementor-col-33 elementor-top-column elementor-element elementor-element-e407428\" data-id=\"e407428\" data-element_type=\"column\">\n\t\t\t<div class=\"elementor-widget-wrap elementor-element-populated\">\n\t\t\t\t\t\t<div class=\"elementor-element elementor-element-6bfe275 elementor-invisible elementor-widget elementor-widget-heading\" data-id=\"6bfe275\" data-element_type=\"widget\" data-settings=\"{&quot;_animation&quot;:&quot;fadeIn&quot;}\" data-widget_type=\"heading.default\">\n\t\t\t\t<div class=\"elementor-widget-container\">\n\t\t\t<h2 class=\"elementor-heading-title elementor-size-default\"><h1 class=\"elementor-heading-title elementor-size-default elementor-inline-editing pen\" data-elementor-setting-key=\"title\" data-pen-placeholder=\"\u00c9crivez ici...\" style=\"font-size: 20px;font-weight: 600;font-family: Roboto, sans-serif\"><u style=\"color: var( --e-global-color-text );font-size: 2.1em\"><span style=\"font-size: 23px;text-align: justify\">Par l'interm\u00e9diaire de ce projet, l'OSAPAM s'est donn\u00e9e pour objectifs :<\/span><\/u><\/h1><\/h2>\t\t<\/div>\n\t\t\t\t<\/div>\n\t\t\t\t<div class=\"elementor-element elementor-element-ccee73e elementor-invisible elementor-widget elementor-widget-text-editor\" data-id=\"ccee73e\" data-element_type=\"widget\" data-settings=\"{&quot;_animation&quot;:&quot;fadeIn&quot;}\" data-widget_type=\"text-editor.default\">\n\t\t\t\t<div class=\"elementor-widget-container\">\n\t\t\t\t\t\t\t<ul style=\"font-size: 15px; text-align: justify;\">\n<li>d\u2019organiser cette manifestation tous les ans jusqu\u2019aux JO\u00a0et faire en sorte que ce projet contribue \u00e0 la r\u00e9ussite \u00e9ducative et \u00e0 l\u2019engagement des jeunes scolaris\u00e9s du CE1 au CM2, dans toutes les \u00e9coles du territoire ;<\/li>\n<\/ul>\t\t\t\t\t\t<\/div>\n\t\t\t\t<\/div>\n\t\t\t\t\t<\/div>\n\t\t<\/div>\n\t\t\t\t<div class=\"elementor-column elementor-col-66 elementor-top-column elementor-element elementor-element-ad93b9d\" data-id=\"ad93b9d\" data-element_type=\"column\">\n\t\t\t<div class=\"elementor-widget-wrap elementor-element-populated\">\n\t\t\t\t\t\t<div class=\"elementor-element elementor-element-6f561d2 elementor-invisible elementor-widget elementor-widget-image\" data-id=\"6f561d2\" data-element_type=\"widget\" data-settings=\"{&quot;_animation&quot;:&quot;fadeIn&quot;}\" data-widget_type=\"image.default\">\n\t\t\t\t<div class=\"elementor-widget-container\">\n\t\t\t\t\t\t\t\t\t\t\t\t\t<img decoding=\"async\" width=\"843\" height=\"562\" src=\"https:\/\/osapam.fr\/wp-content\/uploads\/2024\/02\/IMG_1673-1024x683.jpg\" class=\"elementor-animation-shrink attachment-large size-large wp-image-4020\" alt=\"\" srcset=\"https:\/\/osapam.fr\/wp-content\/uploads\/2024\/02\/IMG_1673-1024x683.jpg 1024w, https:\/\/osapam.fr\/wp-content\/uploads\/2024\/02\/IMG_1673-300x200.jpg 300w, https:\/\/osapam.fr\/wp-content\/uploads\/2024\/02\/IMG_1673-768x512.jpg 768w, https:\/\/osapam.fr\/wp-content\/uploads\/2024\/02\/IMG_1673-1536x1024.jpg 1536w, https:\/\/osapam.fr\/wp-content\/uploads\/2024\/02\/IMG_1673-2048x1365.jpg 2048w\" sizes=\"(max-width: 843px) 100vw, 843px\" \/>\t\t\t\t\t\t\t\t\t\t\t\t\t<\/div>\n\t\t\t\t<\/div>\n\t\t\t\t\t<\/div>\n\t\t<\/div>\n\t\t\t\t\t<\/div>\n\t\t<\/section>\n\t\t\t\t<section class=\"elementor-section elementor-top-section elementor-element elementor-element-01bcbcd elementor-section-boxed elementor-section-height-default elementor-section-height-default wpr-particle-no wpr-jarallax-no wpr-parallax-no wpr-sticky-section-no\" data-id=\"01bcbcd\" data-element_type=\"section\">\n\t\t\t\t\t\t<div class=\"elementor-container elementor-column-gap-default\">\n\t\t\t\t\t<div class=\"elementor-column elementor-col-100 elementor-top-column elementor-element elementor-element-4473538\" data-id=\"4473538\" data-element_type=\"column\">\n\t\t\t<div class=\"elementor-widget-wrap elementor-element-populated\">\n\t\t\t\t\t\t<div class=\"elementor-element elementor-element-58c533f elementor-widget elementor-widget-spacer\" data-id=\"58c533f\" data-element_type=\"widget\" data-widget_type=\"spacer.default\">\n\t\t\t\t<div class=\"elementor-widget-container\">\n\t\t\t\t\t<div class=\"elementor-spacer\">\n\t\t\t<div class=\"elementor-spacer-inner\"><\/div>\n\t\t<\/div>\n\t\t\t\t<\/div>\n\t\t\t\t<\/div>\n\t\t\t\t\t<\/div>\n\t\t<\/div>\n\t\t\t\t\t<\/div>\n\t\t<\/section>\n\t\t\t\t<section class=\"elementor-section elementor-top-section elementor-element elementor-element-47b54dd elementor-section-boxed elementor-section-height-default elementor-section-height-default wpr-particle-no wpr-jarallax-no wpr-parallax-no wpr-sticky-section-no\" data-id=\"47b54dd\" data-element_type=\"section\">\n\t\t\t\t\t\t<div class=\"elementor-container elementor-column-gap-default\">\n\t\t\t\t\t<div class=\"elementor-column elementor-col-25 elementor-top-column elementor-element elementor-element-d883e39\" data-id=\"d883e39\" data-element_type=\"column\">\n\t\t\t<div class=\"elementor-widget-wrap elementor-element-populated\">\n\t\t\t\t\t\t<div class=\"elementor-element elementor-element-09adbef elementor-invisible elementor-widget elementor-widget-image\" data-id=\"09adbef\" data-element_type=\"widget\" data-settings=\"{&quot;_animation&quot;:&quot;fadeIn&quot;}\" data-widget_type=\"image.default\">\n\t\t\t\t<div class=\"elementor-widget-container\">\n\t\t\t\t\t\t\t\t\t\t\t\t\t<img decoding=\"async\" src=\"https:\/\/osapam.fr\/wp-content\/uploads\/elementor\/thumbs\/IMG_1654-scaled-qk4wuzhtrczm0vt44x0yphd8ks26fok72yxffy8ipc.jpg\" title=\"IMG_1654\" alt=\"IMG_1654\" class=\"elementor-animation-grow\" loading=\"lazy\" \/>\t\t\t\t\t\t\t\t\t\t\t\t\t<\/div>\n\t\t\t\t<\/div>\n\t\t\t\t\t<\/div>\n\t\t<\/div>\n\t\t\t\t<div class=\"elementor-column elementor-col-50 elementor-top-column elementor-element elementor-element-a7a1fb5\" data-id=\"a7a1fb5\" data-element_type=\"column\">\n\t\t\t<div class=\"elementor-widget-wrap elementor-element-populated\">\n\t\t\t\t\t\t<div class=\"elementor-element elementor-element-929c8a7 elementor-invisible elementor-widget elementor-widget-text-editor\" data-id=\"929c8a7\" data-element_type=\"widget\" data-settings=\"{&quot;_animation&quot;:&quot;fadeIn&quot;}\" data-widget_type=\"text-editor.default\">\n\t\t\t\t<div class=\"elementor-widget-container\">\n\t\t\t\t\t\t\t<ul>\n<li><span style=\"text-align: justify; color: var( --e-global-color-text );\">de lui donner une plus grande ampleur&nbsp;en ajoutant des \u00e9preuves multisports, l\u2019apr\u00e8s-midi, sur les installations olympiques des communes h\u00f4tes de l\u2019\u00e9v\u00e8nement.<\/span><\/li>\n<\/ul>\t\t\t\t\t\t<\/div>\n\t\t\t\t<\/div>\n\t\t\t\t<div class=\"elementor-element elementor-element-9083f07 elementor-invisible elementor-widget elementor-widget-text-editor\" data-id=\"9083f07\" data-element_type=\"widget\" data-settings=\"{&quot;_animation&quot;:&quot;fadeIn&quot;}\" data-widget_type=\"text-editor.default\">\n\t\t\t\t<div class=\"elementor-widget-container\">\n\t\t\t\t\t\t\t<ul style=\"text-align: justify;\">\n<li>d\u2019associer pour ce faire, le plus grand nombre de partenaires possible, dont les \u00e9tablissements scolaires, les administrations de tutelle, les collectivit\u00e9s locales (Communaut\u00e9 de communes Mellois en Poitou et les communes de Celle-sur-Belle, Chef-Boutonne et Melle), les associations et plus particuli\u00e8rement les clubs sportifs du territoire et enfin certaines entreprises qui ont d\u2019ores et d\u00e9j\u00e0 manifest\u00e9 un r\u00e9el int\u00e9r\u00eat pour ce projet.<\/li>\n<\/ul>\t\t\t\t\t\t<\/div>\n\t\t\t\t<\/div>\n\t\t\t\t\t<\/div>\n\t\t<\/div>\n\t\t\t\t<div class=\"elementor-column elementor-col-25 elementor-top-column elementor-element elementor-element-bdef885\" data-id=\"bdef885\" data-element_type=\"column\">\n\t\t\t<div class=\"elementor-widget-wrap elementor-element-populated\">\n\t\t\t\t\t\t<div class=\"elementor-element elementor-element-6d13402 elementor-invisible elementor-widget elementor-widget-image\" data-id=\"6d13402\" data-element_type=\"widget\" data-settings=\"{&quot;_animation&quot;:&quot;fadeIn&quot;}\" data-widget_type=\"image.default\">\n\t\t\t\t<div class=\"elementor-widget-container\">\n\t\t\t\t\t\t\t\t\t\t\t\t\t<img decoding=\"async\" src=\"https:\/\/osapam.fr\/wp-content\/uploads\/elementor\/thumbs\/IMG_1724-scaled-qk4wzecjud12izeddbowwva4ywb7kj2u0t6hjpozhs.jpg\" title=\"IMG_1724\" alt=\"IMG_1724\" class=\"elementor-animation-grow\" loading=\"lazy\" \/>\t\t\t\t\t\t\t\t\t\t\t\t\t<\/div>\n\t\t\t\t<\/div>\n\t\t\t\t\t<\/div>\n\t\t<\/div>\n\t\t\t\t\t<\/div>\n\t\t<\/section>\n\t\t\t\t<section class=\"elementor-section elementor-top-section elementor-element elementor-element-5637b66 elementor-section-boxed elementor-section-height-default elementor-section-height-default wpr-particle-no wpr-jarallax-no wpr-parallax-no wpr-sticky-section-no\" data-id=\"5637b66\" data-element_type=\"section\">\n\t\t\t\t\t\t<div class=\"elementor-container elementor-column-gap-default\">\n\t\t\t\t\t<div class=\"elementor-column elementor-col-100 elementor-top-column elementor-element elementor-element-e223124\" data-id=\"e223124\" data-element_type=\"column\">\n\t\t\t<div class=\"elementor-widget-wrap elementor-element-populated\">\n\t\t\t\t\t\t<div class=\"elementor-element elementor-element-d6856d5 elementor-widget elementor-widget-text-editor\" data-id=\"d6856d5\" data-element_type=\"widget\" data-widget_type=\"text-editor.default\">\n\t\t\t\t<div class=\"elementor-widget-container\">\n\t\t\t\t\t\t\t<p><span style=\"font-weight: bolder; color: var( --e-global-color-text ); font-family: var( --e-global-typography-text-font-family ), Sans-serif; font-size: 18px;\">Un g<\/span><span style=\"font-weight: bolder; color: var( --e-global-color-text ); font-family: var( --e-global-typography-text-font-family ), Sans-serif; font-size: 18px;\">rand merci \u00e0 tous les enfants participants, enseignants, partenaires et b\u00e9n\u00e9voles, sans qui cet \u00e9v\u00e9nement n&#8217;aurait pas pu avoir lieu !\u00a0<\/span><\/p>\t\t\t\t\t\t<\/div>\n\t\t\t\t<\/div>\n\t\t\t\t\t<\/div>\n\t\t<\/div>\n\t\t\t\t\t<\/div>\n\t\t<\/section>\n\t\t\t\t<\/div>\n\t\t","protected":false},"excerpt":{"rendered":"<p>IMG_1654IMG_1724<\/p>\n","protected":false},"author":1,"featured_media":0,"parent":0,"menu_order":0,"comment_status":"closed","ping_status":"closed","template":"","meta":{"_uag_custom_page_level_css":"","_monsterinsights_skip_tracking":false,"_monsterinsights_sitenote_active":false,"_monsterinsights_sitenote_note":"","_monsterinsights_sitenote_category":0,"footnotes":""},"aioseo_notices":[],"uagb_featured_image_src":{"full":false,"thumbnail":false,"medium":false,"medium_large":false,"large":false,"1536x1536":false,"2048x2048":false},"uagb_author_info":{"display_name":"Administrateur","author_link":"https:\/\/osapam.fr\/it\/author\/admin4376\/"},"uagb_comment_info":0,"uagb_excerpt":"IMG_1654IMG_1724","_links":{"self":[{"href":"https:\/\/osapam.fr\/it\/wp-json\/wp\/v2\/pages\/1471"}],"collection":[{"href":"https:\/\/osapam.fr\/it\/wp-json\/wp\/v2\/pages"}],"about":[{"href":"https:\/\/osapam.fr\/it\/wp-json\/wp\/v2\/types\/page"}],"author":[{"embeddable":true,"href":"https:\/\/osapam.fr\/it\/wp-json\/wp\/v2\/users\/1"}],"replies":[{"embeddable":true,"href":"https:\/\/osapam.fr\/it\/wp-json\/wp\/v2\/comments?post=1471"}],"version-history":[{"count":69,"href":"https:\/\/osapam.fr\/it\/wp-json\/wp\/v2\/pages\/1471\/revisions"}],"predecessor-version":[{"id":4070,"href":"https:\/\/osapam.fr\/it\/wp-json\/wp\/v2\/pages\/1471\/revisions\/4070"}],"wp:attachment":[{"href":"https:\/\/osapam.fr\/it\/wp-json\/wp\/v2\/media?parent=1471"}],"curies":[{"name":"wp","href":"https:\/\/api.w.org\/{rel}","templated":true}]}}