{"id":816,"date":"2021-09-20T13:15:04","date_gmt":"2021-09-20T11:15:04","guid":{"rendered":"http:\/\/osapam.fr\/?page_id=816"},"modified":"2025-01-21T13:05:11","modified_gmt":"2025-01-21T12:05:11","slug":"nos-adherents","status":"publish","type":"page","link":"https:\/\/osapam.fr\/es\/nos-adherents\/","title":{"rendered":"Adh\u00e9sion"},"content":{"rendered":"<h3><strong> <\/p>\n<style>\/*! elementor - v3.14.0 - 26-06-2023 *\/<br \/>\n.elementor-widget-image{text-align:center}.elementor-widget-image a{display:inline-block}.elementor-widget-image a img[src$=\".svg\"]{width:48px}.elementor-widget-image img{vertical-align:middle;display:inline-block}<\/style>\n<p><\/strong><\/h3>\n<h3><strong>Adh\u00e9rer \u00e0 une association, c&#8217;est adh\u00e9rer \u00e0 son projet associatif.<\/strong><\/h3>\n<p>Vous souhaitez adh\u00e9rer, d\u00e9couvrez la proc\u00e9dure en cliquant sur :<a href=\"https:\/\/osapam.fr\/page-en-construction\/\"><br \/>\n<img fetchpriority=\"high\" decoding=\"async\" src=\"https:\/\/osapam.fr\/wp-content\/uploads\/2023\/10\/Bannieres-activites-physiques-20.png\" sizes=\"(max-width: 2096px) 100vw, 2096px\" srcset=\"https:\/\/osapam.fr\/wp-content\/uploads\/2023\/10\/Bannieres-activites-physiques-20.png 2096w, https:\/\/osapam.fr\/wp-content\/uploads\/2023\/10\/Bannieres-activites-physiques-20-300x72.png 300w, https:\/\/osapam.fr\/wp-content\/uploads\/2023\/10\/Bannieres-activites-physiques-20-1024x244.png 1024w, https:\/\/osapam.fr\/wp-content\/uploads\/2023\/10\/Bannieres-activites-physiques-20-768x183.png 768w, https:\/\/osapam.fr\/wp-content\/uploads\/2023\/10\/Bannieres-activites-physiques-20-1536x366.png 1536w, https:\/\/osapam.fr\/wp-content\/uploads\/2023\/10\/Bannieres-activites-physiques-20-2048x489.png 2048w\" alt=\"\" width=\"2096\" height=\"500\" \/> <\/a><\/p>\n<style>\/*! elementor - v3.14.0 - 26-06-2023 *\/<br \/>\n.elementor-column .elementor-spacer-inner{height:var(--spacer-size)}.e-con{--container-widget-width:100%}.e-con-inner>.elementor-widget-spacer,.e-con>.elementor-widget-spacer{width:var(--container-widget-width,var(--spacer-size));--align-self:var(--container-widget-align-self,initial);--flex-shrink:0}.e-con-inner>.elementor-widget-spacer>.elementor-widget-container,.e-con-inner>.elementor-widget-spacer>.elementor-widget-container>.elementor-spacer,.e-con>.elementor-widget-spacer>.elementor-widget-container,.e-con>.elementor-widget-spacer>.elementor-widget-container>.elementor-spacer{height:100%}.e-con-inner>.elementor-widget-spacer>.elementor-widget-container>.elementor-spacer>.elementor-spacer-inner,.e-con>.elementor-widget-spacer>.elementor-widget-container>.elementor-spacer>.elementor-spacer-inner{height:var(--container-widget-height,var(--spacer-size))}<\/style>\n<p><a href=\"https:\/\/osapam.fr\/page-en-construction\/\">Pour d\u00e9couvrir les associations qui nous soutiennent, cliquez sur :<br \/>\n<\/a><a href=\"https:\/\/osapam.fr\/associations-adherentes\/\"><img decoding=\"async\" class=\"alignnone\" src=\"https:\/\/osapam.fr\/wp-content\/uploads\/2023\/10\/Bannieres-activites-physiques-19.png\" sizes=\"(max-width: 2096px) 100vw, 2096px\" srcset=\"https:\/\/osapam.fr\/wp-content\/uploads\/2023\/10\/Bannieres-activites-physiques-19.png 2096w, https:\/\/osapam.fr\/wp-content\/uploads\/2023\/10\/Bannieres-activites-physiques-19-300x72.png 300w, https:\/\/osapam.fr\/wp-content\/uploads\/2023\/10\/Bannieres-activites-physiques-19-1024x244.png 1024w, https:\/\/osapam.fr\/wp-content\/uploads\/2023\/10\/Bannieres-activites-physiques-19-768x183.png 768w, https:\/\/osapam.fr\/wp-content\/uploads\/2023\/10\/Bannieres-activites-physiques-19-1536x366.png 1536w, https:\/\/osapam.fr\/wp-content\/uploads\/2023\/10\/Bannieres-activites-physiques-19-2048x489.png 2048w\" alt=\"\" width=\"2096\" height=\"500\" \/><\/a><\/p>\n","protected":false},"excerpt":{"rendered":"<p>Adh\u00e9rer \u00e0 une association, c&#8217;est adh\u00e9rer \u00e0 son projet associatif. Vous souhaitez adh\u00e9rer, d\u00e9couvrez la proc\u00e9dure en cliquant sur : Pour d\u00e9couvrir les associations qui&hellip;<\/p>\n","protected":false},"author":1,"featured_media":0,"parent":0,"menu_order":0,"comment_status":"closed","ping_status":"closed","template":"","meta":{"_uag_custom_page_level_css":"","_monsterinsights_skip_tracking":false,"_monsterinsights_sitenote_active":false,"_monsterinsights_sitenote_note":"","_monsterinsights_sitenote_category":0,"footnotes":""},"aioseo_notices":[],"uagb_featured_image_src":{"full":false,"thumbnail":false,"medium":false,"medium_large":false,"large":false,"1536x1536":false,"2048x2048":false},"uagb_author_info":{"display_name":"Administrateur","author_link":"https:\/\/osapam.fr\/es\/author\/admin4376\/"},"uagb_comment_info":0,"uagb_excerpt":"Adh\u00e9rer \u00e0 une association, c&#8217;est adh\u00e9rer \u00e0 son projet associatif. Vous souhaitez adh\u00e9rer, d\u00e9couvrez la proc\u00e9dure en cliquant sur : Pour d\u00e9couvrir les associations qui&hellip;","_links":{"self":[{"href":"https:\/\/osapam.fr\/es\/wp-json\/wp\/v2\/pages\/816"}],"collection":[{"href":"https:\/\/osapam.fr\/es\/wp-json\/wp\/v2\/pages"}],"about":[{"href":"https:\/\/osapam.fr\/es\/wp-json\/wp\/v2\/types\/page"}],"author":[{"embeddable":true,"href":"https:\/\/osapam.fr\/es\/wp-json\/wp\/v2\/users\/1"}],"replies":[{"embeddable":true,"href":"https:\/\/osapam.fr\/es\/wp-json\/wp\/v2\/comments?post=816"}],"version-history":[{"count":36,"href":"https:\/\/osapam.fr\/es\/wp-json\/wp\/v2\/pages\/816\/revisions"}],"predecessor-version":[{"id":4806,"href":"https:\/\/osapam.fr\/es\/wp-json\/wp\/v2\/pages\/816\/revisions\/4806"}],"wp:attachment":[{"href":"https:\/\/osapam.fr\/es\/wp-json\/wp\/v2\/media?parent=816"}],"curies":[{"name":"wp","href":"https:\/\/api.w.org\/{rel}","templated":true}]}}