{"id":2949,"date":"2023-08-21T15:09:20","date_gmt":"2023-08-21T13:09:20","guid":{"rendered":"https:\/\/osapam.fr\/?page_id=2949"},"modified":"2025-08-08T16:08:06","modified_gmt":"2025-08-08T14:08:06","slug":"section-peps","status":"publish","type":"page","link":"https:\/\/osapam.fr\/es\/section-peps\/","title":{"rendered":"Dispositif &#8220;PEPS&#8221;"},"content":{"rendered":"\n<h2 class=\"wp-block-heading has-text-align-center\"><strong><mark style=\"background-color:rgba(0, 0, 0, 0)\" class=\"has-inline-color has-luminous-vivid-orange-color\">Dispositif PEPS<\/mark><\/strong><\/h2>\n\n\n\n<div style=\"height:14px\" aria-hidden=\"true\" class=\"wp-block-spacer\"><\/div>\n\n\n\n<figure class=\"wp-block-image alignfull size-large\"><a href=\"https:\/\/www.peps-na.fr\/\"><img fetchpriority=\"high\" decoding=\"async\" width=\"1024\" height=\"244\" src=\"https:\/\/osapam.fr\/wp-content\/uploads\/2023\/08\/Activite-Forme-et-sante-5-1024x244.png\" alt=\"\" class=\"wp-image-2965\" srcset=\"https:\/\/osapam.fr\/wp-content\/uploads\/2023\/08\/Activite-Forme-et-sante-5-1024x244.png 1024w, https:\/\/osapam.fr\/wp-content\/uploads\/2023\/08\/Activite-Forme-et-sante-5-300x72.png 300w, https:\/\/osapam.fr\/wp-content\/uploads\/2023\/08\/Activite-Forme-et-sante-5-768x183.png 768w, https:\/\/osapam.fr\/wp-content\/uploads\/2023\/08\/Activite-Forme-et-sante-5.png 1048w\" sizes=\"(max-width: 1024px) 100vw, 1024px\" \/><\/a><\/figure>\n\n\n\n<div style=\"height:15px\" aria-hidden=\"true\" class=\"wp-block-spacer\"><\/div>\n\n\n\n<p><strong>Le d\u00e9ploiement en Deux-S\u00e8vres du dispositif PEPS (Prescription d\u2019Exercice Physique pour la Sant\u00e9) est lanc\u00e9 depuis novembre 2019 !<\/strong><br><strong>Votre m\u00e9decin prescrit de l\u2019activit\u00e9 physique pour votre sant\u00e9 !<\/strong><\/p>\n\n\n\n<p><strong>\u00ab PEPS \u00bb<\/strong>&nbsp;c\u2019est un r\u00e9seau de professionnels de l\u2019activit\u00e9 physique form\u00e9s et ressources dans chaque d\u00e9partement de Nouvelle-Aquitaine. Les m\u00e9decins disposent d\u2019outils d\u2019aide \u00e0 la prescription et d\u2019une plateforme d\u00e9mat\u00e9rialis\u00e9e r\u00e9pertoriant les offres d\u2019activit\u00e9s physiques encadr\u00e9es du PEPS ; un livret de suivi est remis au b\u00e9n\u00e9ficiaire.<\/p>\n\n\n\n<p>PEPS, un dispositif partenarial des services de l\u2019Etat en charge du sport, de l\u2019ARS et de la R\u00e9gion Nouvelle-Aquitaine. Avec l\u2019appui d\u2019EfFORMip, de l\u2019URPS m\u00e9decins lib\u00e9raux, et des acteurs \u0153uvrant dans les dispositifs locaux pionniers de prescription d\u2019activit\u00e9 physique en Nouvelle-Aquitaine.<\/p>\n\n\n\n<p>PEPS, une concr\u00e9tisation de&nbsp;<a href=\"https:\/\/www.nouvelle-aquitaine.ars.sante.fr\/strategie-regionale-sport-sante-bien-etre-2019-2024\">la Strat\u00e9gie r\u00e9gionale Sport sant\u00e9 bien-\u00eatre 2019-2024.<\/a><\/p>\n\n\n\n<div style=\"height:15px\" aria-hidden=\"true\" class=\"wp-block-spacer\"><\/div>\n\n\n\n<p><strong>L\u2019activit\u00e9 physique<\/strong>&nbsp;peut faire partie int\u00e9grante du traitement des porteurs de pathologies chroniques. Elle est aussi recommand\u00e9e aux personnes s\u00e9dentaires afin de limiter les risques de d\u00e9velopper une pathologie et \u00e0 toute personne pour \u00eatre et rester en bonne sant\u00e9 !<\/p>\n\n\n\n<blockquote class=\"wp-block-quote is-layout-flow wp-block-quote-is-layout-flow\">\n<p><\/p>\n<\/blockquote>\n\n\n\n<p><strong>Objectifs&nbsp;<\/strong><\/p>\n\n\n\n<ul>\n<li>R\u00e9pondre aux besoins sp\u00e9cifiques de chaque pratiquant en tenant compte des capacit\u00e9s, des pathologies et du parcours de vie.<\/li>\n\n\n\n<li>Lutter contre les effets du vieillissement ;<\/li>\n\n\n\n<li>Entretenir les capacit\u00e9s musculaires et articulaires, cardiovasculaires et cognitives.<\/li>\n\n\n\n<li>Favoriser l\u2019acquisition des comp\u00e9tences et connaissances utiles pour mieux connaitre son corps ;<\/li>\n\n\n\n<li>Favoriser l\u2019int\u00e9gration sociale et l\u2019estime de soi ;<\/li>\n\n\n\n<li>Reprendre ou d\u00e9marrer une activit\u00e9 physique apr\u00e8s une p\u00e9riode d&#8217;arr\u00eat prolong\u00e9. <\/li>\n<\/ul>\n\n\n\n<p><strong>D\u00e9marche et mise en \u0153uvre&nbsp;<\/strong><\/p>\n\n\n\n<ul>\n<li>Proposer une pratique individualis\u00e9e, adapt\u00e9e, pour adulte, sur avis ou prescription m\u00e9dicale<\/li>\n\n\n\n<li>Activit\u00e9s vari\u00e9es (parcours motricit\u00e9, marche, entretien articulaire et musculaire, gymnastique douce\u2026)<\/li>\n\n\n\n<li>2&nbsp;s\u00e9ance&nbsp;d\u20191h par semaine<\/li>\n<\/ul>\n\n\n\n<p><strong>Cr\u00e9neaux d\u2019activit\u00e9&nbsp;<\/strong><\/p>\n\n\n\n<p>A Melle :<\/p>\n\n\n\n<ul>\n<li>le mardi de 10h30 \u00e0 11h30;<\/li>\n\n\n\n<li>le jeudi de 9h30 \u00e0 11h30;<\/li>\n<\/ul>\n\n\n\n<p>\u00e0 la salle Maurice Martin St L\u00e9ger-de-la-Martini\u00e8re<\/p>\n\n\n\n<p><strong>Public vis\u00e9 :<\/strong><\/p>\n\n\n\n<ul>\n<li>Personnes adultes sur prescription m\u00e9dicale .<\/li>\n<\/ul>\n\n\n\n<p><strong>Dur\u00e9e de l\u2019action :<\/strong><\/p>\n\n\n\n<ul>\n<li>3 mois <\/li>\n\n\n\n<li>Au cours de l&#8217;ann\u00e9e scolaire (hors vacances)<\/li>\n\n\n\n<li>12 ou 24 s\u00e9ances<\/li>\n\n\n\n<li>gratuit<\/li>\n<\/ul>\n\n\n\n<p><em><strong>Vous pouvez t\u00e9l\u00e9charger la fiche&nbsp;d\u2019inscription ci-dessous \u00e0 compl\u00e9ter et \u00e0 retourner \u00e0 l\u2019OSAPAM.<\/strong><\/em><\/p>\n\n\n\n<div data-wp-interactive=\"core\/file\" class=\"wp-block-file\"><object data-wp-bind--hidden=\"!state.hasPdfPreview\"  class=\"wp-block-file__embed\" data=\"https:\/\/osapam.fr\/wp-content\/uploads\/2025\/08\/25-08-08-Fiche-dinscription-PEPS-2025-2026-1.pdf\" type=\"application\/pdf\" style=\"width:100%;height:600px\" aria-label=\"Incrustado de 25-08-08 Fiche d'inscription PEPS 2025-2026.\"><\/object><a id=\"wp-block-file--media-944587af-6723-4ac2-a77d-bf761ccc9335\" href=\"https:\/\/osapam.fr\/wp-content\/uploads\/2025\/08\/25-08-08-Fiche-dinscription-PEPS-2025-2026-1.pdf\">25-08-08 Fiche d&#8217;inscription PEPS 2025-2026<\/a><a href=\"https:\/\/osapam.fr\/wp-content\/uploads\/2025\/08\/25-08-08-Fiche-dinscription-PEPS-2025-2026-1.pdf\" class=\"wp-block-file__button wp-element-button\" download aria-describedby=\"wp-block-file--media-944587af-6723-4ac2-a77d-bf761ccc9335\">T\u00e9l\u00e9charger<\/a><\/div>\n","protected":false},"excerpt":{"rendered":"<p>Dispositif PEPS Le d\u00e9ploiement en Deux-S\u00e8vres du dispositif PEPS (Prescription d\u2019Exercice Physique pour la Sant\u00e9) est lanc\u00e9 depuis novembre 2019 !Votre m\u00e9decin prescrit de l\u2019activit\u00e9&hellip;<\/p>\n","protected":false},"author":1,"featured_media":0,"parent":0,"menu_order":0,"comment_status":"closed","ping_status":"closed","template":"","meta":{"_uag_custom_page_level_css":"","_monsterinsights_skip_tracking":false,"_monsterinsights_sitenote_active":false,"_monsterinsights_sitenote_note":"","_monsterinsights_sitenote_category":0,"footnotes":""},"aioseo_notices":[],"uagb_featured_image_src":{"full":false,"thumbnail":false,"medium":false,"medium_large":false,"large":false,"1536x1536":false,"2048x2048":false},"uagb_author_info":{"display_name":"Administrateur","author_link":"https:\/\/osapam.fr\/es\/author\/admin4376\/"},"uagb_comment_info":0,"uagb_excerpt":"Dispositif PEPS Le d\u00e9ploiement en Deux-S\u00e8vres du dispositif PEPS (Prescription d\u2019Exercice Physique pour la Sant\u00e9) est lanc\u00e9 depuis novembre 2019 !Votre m\u00e9decin prescrit de l\u2019activit\u00e9&hellip;","_links":{"self":[{"href":"https:\/\/osapam.fr\/es\/wp-json\/wp\/v2\/pages\/2949"}],"collection":[{"href":"https:\/\/osapam.fr\/es\/wp-json\/wp\/v2\/pages"}],"about":[{"href":"https:\/\/osapam.fr\/es\/wp-json\/wp\/v2\/types\/page"}],"author":[{"embeddable":true,"href":"https:\/\/osapam.fr\/es\/wp-json\/wp\/v2\/users\/1"}],"replies":[{"embeddable":true,"href":"https:\/\/osapam.fr\/es\/wp-json\/wp\/v2\/comments?post=2949"}],"version-history":[{"count":8,"href":"https:\/\/osapam.fr\/es\/wp-json\/wp\/v2\/pages\/2949\/revisions"}],"predecessor-version":[{"id":4871,"href":"https:\/\/osapam.fr\/es\/wp-json\/wp\/v2\/pages\/2949\/revisions\/4871"}],"wp:attachment":[{"href":"https:\/\/osapam.fr\/es\/wp-json\/wp\/v2\/media?parent=2949"}],"curies":[{"name":"wp","href":"https:\/\/api.w.org\/{rel}","templated":true}]}}