{"id":19,"date":"2017-03-05T15:13:31","date_gmt":"2017-03-05T14:13:31","guid":{"rendered":"http:\/\/osapam.fr\/?page_id=19"},"modified":"2026-03-26T15:20:34","modified_gmt":"2026-03-26T14:20:34","slug":"section-badado","status":"publish","type":"page","link":"https:\/\/osapam.fr\/es\/section-badado\/","title":{"rendered":"Section Bad&#8217;Ados"},"content":{"rendered":"\n<p class=\"has-text-align-center has-luminous-vivid-orange-color has-text-color has-x-large-font-size\"><strong>Bad&#8217;Ados<\/strong><\/p>\n\n\n\n<figure class=\"wp-block-image alignfull size-large\"><img fetchpriority=\"high\" decoding=\"async\" width=\"1024\" height=\"244\" src=\"https:\/\/osapam.fr\/wp-content\/uploads\/2022\/07\/Badado-sans-texte-1024x244.png\" alt=\"\" class=\"wp-image-1633\" srcset=\"https:\/\/osapam.fr\/wp-content\/uploads\/2022\/07\/Badado-sans-texte-1024x244.png 1024w, https:\/\/osapam.fr\/wp-content\/uploads\/2022\/07\/Badado-sans-texte-300x72.png 300w, https:\/\/osapam.fr\/wp-content\/uploads\/2022\/07\/Badado-sans-texte-768x183.png 768w, https:\/\/osapam.fr\/wp-content\/uploads\/2022\/07\/Badado-sans-texte.png 1048w\" sizes=\"(max-width: 1024px) 100vw, 1024px\" \/><\/figure>\n\n\n\n<p><strong>Objectifs :<\/strong> <\/p>\n\n\n\n<ul>\n<li>rendre la pratique sportive accessible \u00e0 tous, dans un esprit de convivialit\u00e9 et de camaraderie ;<\/li>\n\n\n\n<li>d\u00e9velopper des capacit\u00e9s et des ressources n\u00e9cessaires aux conduites motrices sp\u00e9cifiques \u00e0 l&#8217;activit\u00e9 ;<\/li>\n\n\n\n<li>favoriser les \u00e9changes entre les pratiquants ;<\/li>\n\n\n\n<li>pratiquer l&#8217;activit\u00e9 dans un cadre de loisir.<\/li>\n<\/ul>\n\n\n\n<p><strong>D\u00e9roulement d&#8217;une s\u00e9ance :<\/strong><\/p>\n\n\n\n<ul>\n<li>\u00c9chauffement &#8211; ateliers sp\u00e9cifiques \u00e0 la pratique du badminton &#8211; rencontres en simple et en double &#8211; \u00e9tirements.<\/li>\n<\/ul>\n\n\n\n<p><strong>Moment de l&#8217;action :<\/strong><\/p>\n\n\n\n<p>Le mercredi de 17h \u00e0 18h30.<\/p>\n\n\n\n<p><strong>Public vis\u00e9 :<\/strong><\/p>\n\n\n\n<p>Jeunes \u00e2g\u00e9s de 11 ans \u00e0 17 ans.<\/p>\n\n\n\n<p><strong>Modalit\u00e9s d&#8217;organisation de l&#8217;activit\u00e9 :<\/strong><\/p>\n\n\n\n<ul>\n<li>premi\u00e8re s\u00e9ance : mercredi 10 septembre 2025 ;<\/li>\n\n\n\n<li>dur\u00e9e de la s\u00e9ance : 1h30 ;<\/li>\n\n\n\n<li>lieu : gymnase du lyc\u00e9e Desfontaines \u00e0 Melle ;<\/li>\n\n\n\n<li>prix : 90 \u20ac par an.<\/li>\n<\/ul>\n\n\n\n<p><em><strong>Vous pouvez t\u00e9l\u00e9charger la fiche&nbsp;d\u2019inscription et le questionnaire sant\u00e9 ci-dessous, \u00e0 compl\u00e9ter et \u00e0 retourner \u00e0 l\u2019OSAPAM.<\/strong><\/em><\/p>\n\n\n\n<div data-wp-interactive=\"core\/file\" class=\"wp-block-file\"><object data-wp-bind--hidden=\"!state.hasPdfPreview\"  class=\"wp-block-file__embed\" data=\"https:\/\/osapam.fr\/wp-content\/uploads\/2025\/08\/25-07-04-Fiche-dinscription-Badados-2025-2026.pdf\" type=\"application\/pdf\" style=\"width:100%;height:600px\" aria-label=\"Incrustado de 25-07-04 Fiche d'inscription Badados 2025 - 2026.\"><\/object><a id=\"wp-block-file--media-db8b33e2-8ad3-459d-adff-de5d86107d7c\" href=\"https:\/\/osapam.fr\/wp-content\/uploads\/2025\/08\/25-07-04-Fiche-dinscription-Badados-2025-2026.pdf\">25-07-04 Fiche d&#8217;inscription Badados 2025 &#8211; 2026<\/a><a href=\"https:\/\/osapam.fr\/wp-content\/uploads\/2025\/08\/25-07-04-Fiche-dinscription-Badados-2025-2026.pdf\" class=\"wp-block-file__button wp-element-button\" download aria-describedby=\"wp-block-file--media-db8b33e2-8ad3-459d-adff-de5d86107d7c\">T\u00e9l\u00e9charger<\/a><\/div>\n\n\n\n<div style=\"height:30px\" aria-hidden=\"true\" class=\"wp-block-spacer\"><\/div>\n\n\n\n<div data-wp-interactive=\"core\/file\" class=\"wp-block-file\"><object data-wp-bind--hidden=\"!state.hasPdfPreview\"  class=\"wp-block-file__embed\" data=\"https:\/\/osapam.fr\/wp-content\/uploads\/2023\/08\/Cerfa-N\u00b015699-01-1-A-2.pdf\" type=\"application\/pdf\" style=\"width:100%;height:200px\" aria-label=\"Incrustado de Cerfa-N\u00b015699-01-1-A-2.\"><\/object><a id=\"wp-block-file--media-3964d4cb-eec4-4c96-b57f-b6c239b041d4\" href=\"https:\/\/osapam.fr\/wp-content\/uploads\/2023\/08\/Cerfa-N\u00b015699-01-1-A-2.pdf\">Cerfa-N\u00b015699-01-1-A-2<\/a><a href=\"https:\/\/osapam.fr\/wp-content\/uploads\/2023\/08\/Cerfa-N\u00b015699-01-1-A-2.pdf\" class=\"wp-block-file__button wp-element-button\" download aria-describedby=\"wp-block-file--media-3964d4cb-eec4-4c96-b57f-b6c239b041d4\">T\u00e9l\u00e9charger<\/a><\/div>\n","protected":false},"excerpt":{"rendered":"<p>Bad&#8217;Ados Objectifs : D\u00e9roulement d&#8217;une s\u00e9ance : Moment de l&#8217;action : Le mercredi de 17h \u00e0 18h30. Public vis\u00e9 : Jeunes \u00e2g\u00e9s de 11 ans&hellip;<\/p>\n","protected":false},"author":1,"featured_media":0,"parent":0,"menu_order":3,"comment_status":"closed","ping_status":"closed","template":"","meta":{"_uag_custom_page_level_css":"","_monsterinsights_skip_tracking":false,"_monsterinsights_sitenote_active":false,"_monsterinsights_sitenote_note":"","_monsterinsights_sitenote_category":0,"footnotes":""},"aioseo_notices":[],"uagb_featured_image_src":{"full":false,"thumbnail":false,"medium":false,"medium_large":false,"large":false,"1536x1536":false,"2048x2048":false},"uagb_author_info":{"display_name":"Administrateur","author_link":"https:\/\/osapam.fr\/es\/author\/admin4376\/"},"uagb_comment_info":0,"uagb_excerpt":"Bad&#8217;Ados Objectifs : D\u00e9roulement d&#8217;une s\u00e9ance : Moment de l&#8217;action : Le mercredi de 17h \u00e0 18h30. Public vis\u00e9 : Jeunes \u00e2g\u00e9s de 11 ans&hellip;","_links":{"self":[{"href":"https:\/\/osapam.fr\/es\/wp-json\/wp\/v2\/pages\/19"}],"collection":[{"href":"https:\/\/osapam.fr\/es\/wp-json\/wp\/v2\/pages"}],"about":[{"href":"https:\/\/osapam.fr\/es\/wp-json\/wp\/v2\/types\/page"}],"author":[{"embeddable":true,"href":"https:\/\/osapam.fr\/es\/wp-json\/wp\/v2\/users\/1"}],"replies":[{"embeddable":true,"href":"https:\/\/osapam.fr\/es\/wp-json\/wp\/v2\/comments?post=19"}],"version-history":[{"count":48,"href":"https:\/\/osapam.fr\/es\/wp-json\/wp\/v2\/pages\/19\/revisions"}],"predecessor-version":[{"id":5186,"href":"https:\/\/osapam.fr\/es\/wp-json\/wp\/v2\/pages\/19\/revisions\/5186"}],"wp:attachment":[{"href":"https:\/\/osapam.fr\/es\/wp-json\/wp\/v2\/media?parent=19"}],"curies":[{"name":"wp","href":"https:\/\/api.w.org\/{rel}","templated":true}]}}