{"id":1469,"date":"2022-06-21T10:45:29","date_gmt":"2022-06-21T08:45:29","guid":{"rendered":"https:\/\/osapam.fr\/?page_id=1469"},"modified":"2025-08-08T15:45:07","modified_gmt":"2025-08-08T13:45:07","slug":"organisation-osapam","status":"publish","type":"page","link":"https:\/\/osapam.fr\/en\/presentation\/organisation-osapam\/","title":{"rendered":"Organisation OSAPAM"},"content":{"rendered":"<style>\/*! elementor - v3.14.0 - 26-06-2023 *\/<br \/>\n.elementor-widget-image{text-align:center}.elementor-widget-image a{display:inline-block}.elementor-widget-image a img[src$=\".svg\"]{width:48px}.elementor-widget-image img{vertical-align:middle;display:inline-block}<\/style>\n<p><img fetchpriority=\"high\" decoding=\"async\" src=\"https:\/\/osapam.fr\/wp-content\/uploads\/2023\/10\/Bannieres-activites-physiques-30.png\" sizes=\"(max-width: 2096px) 100vw, 2096px\" srcset=\"https:\/\/osapam.fr\/wp-content\/uploads\/2023\/10\/Bannieres-activites-physiques-30.png 2096w, https:\/\/osapam.fr\/wp-content\/uploads\/2023\/10\/Bannieres-activites-physiques-30-300x72.png 300w, https:\/\/osapam.fr\/wp-content\/uploads\/2023\/10\/Bannieres-activites-physiques-30-1024x244.png 1024w, https:\/\/osapam.fr\/wp-content\/uploads\/2023\/10\/Bannieres-activites-physiques-30-768x183.png 768w, https:\/\/osapam.fr\/wp-content\/uploads\/2023\/10\/Bannieres-activites-physiques-30-1536x366.png 1536w, https:\/\/osapam.fr\/wp-content\/uploads\/2023\/10\/Bannieres-activites-physiques-30-2048x489.png 2048w\" alt=\"\" width=\"2096\" height=\"500\" \/><\/p>\n<style>\/*! elementor - v3.14.0 - 26-06-2023 *\/<br \/>\n.elementor-column .elementor-spacer-inner{height:var(--spacer-size)}.e-con{--container-widget-width:100%}.e-con-inner>.elementor-widget-spacer,.e-con>.elementor-widget-spacer{width:var(--container-widget-width,var(--spacer-size));--align-self:var(--container-widget-align-self,initial);--flex-shrink:0}.e-con-inner>.elementor-widget-spacer>.elementor-widget-container,.e-con-inner>.elementor-widget-spacer>.elementor-widget-container>.elementor-spacer,.e-con>.elementor-widget-spacer>.elementor-widget-container,.e-con>.elementor-widget-spacer>.elementor-widget-container>.elementor-spacer{height:100%}.e-con-inner>.elementor-widget-spacer>.elementor-widget-container>.elementor-spacer>.elementor-spacer-inner,.e-con>.elementor-widget-spacer>.elementor-widget-container>.elementor-spacer>.elementor-spacer-inner{height:var(--container-widget-height,var(--spacer-size))}<\/style>\n<p>Le comit\u00e9 directeur en 2025 r\u00e9unit :<\/p>\n<ul>\n<li style=\"list-style-type: none;\">\n<ul>\n<li>des membres de droit:<\/li>\n<\/ul>\n<\/li>\n<\/ul>\n<p>2 repr\u00e9sentants de la Communaut\u00e9 de Communes Mellois en Poitou ;<\/p>\n<p>1 repr\u00e9sentant de la Commune de Melle ;<\/p>\n<p>1 repr\u00e9sentant d\u00e9sign\u00e9 par les autres communes\u00a0 ;<\/p>\n<ul>\n<li style=\"list-style-type: none;\">\n<ul>\n<li>des associations:<\/li>\n<\/ul>\n<\/li>\n<\/ul>\n<p>Sur les 18 places ouvertes, 8 repr\u00e9sentants des associations civiles et scolaires r\u00e9gies par la loi du 1er\u00a0 juillet 1901 si\u00e8gent, \u00e0 ce jour, au Comit\u00e9 directeur;<\/p>\n<ul>\n<li style=\"list-style-type: none;\">\n<ul>\n<li>des membres individuels<\/li>\n<\/ul>\n<\/li>\n<\/ul>\n<p>Sur les 18 places ouvertes, 8 membres connus pour leur implication dans la vie associative si\u00e8gent, \u00e0 ce jour, au Comit\u00e9 directeur;;<\/p>\n<ul>\n<li style=\"list-style-type: none;\">\n<ul>\n<li>des membres coopt\u00e9s.<\/li>\n<\/ul>\n<\/li>\n<\/ul>\n<p>Le bureau est compos\u00e9 comme suit :<\/p>\n<ul>\n<li style=\"list-style-type: none;\">\n<ul>\n<li>Pr\u00e9sidente :\u00a0 \u00a0 \u00a0 \u00a0 \u00a0 \u00a0 \u00a0 \u00a0Elyane DURAND<\/li>\n<li>Vice-Pr\u00e9sidente:\u00a0 \u00a0 \u00a0 \u00a0 C\u00e9cilia ROBERT-PAPET<\/li>\n<\/ul>\n<\/li>\n<\/ul>\n<ul>\n<li style=\"list-style-type: none;\">\n<ul>\n<li>Secr\u00e9taire g\u00e9n\u00e9rale:\u00a0 Christine VINATIER<\/li>\n<\/ul>\n<\/li>\n<\/ul>\n<ul>\n<li style=\"list-style-type: none;\">\n<ul>\n<li>Secr\u00e9taire adjoint :\u00a0 \u00a0 Jean LECLERCQ<\/li>\n<\/ul>\n<\/li>\n<\/ul>\n<ul>\n<li style=\"list-style-type: none;\">\n<ul>\n<li>Tr\u00e9soriere :\u00a0\u00a0\u00a0\u00a0\u00a0\u00a0\u00a0\u00a0\u00a0\u00a0\u00a0\u00a0\u00a0\u00a0\u00a0\u00a0Monique MARIE<\/li>\n<\/ul>\n<ul>\n<li>Tr\u00e9sori\u00e8r adjoint:\u00a0 \u00a0 \u00a0 \u00a0Jean-Pierre RUSSEIL<\/li>\n<\/ul>\n<\/li>\n<\/ul>\n<p>4 commissions\u00a0 sont en place :<\/p>\n<ol>\n<li style=\"list-style-type: none;\">\n<ol>\n<li><strong>D\u00e9veloppement \/ promotion \/ communication<\/strong><\/li>\n<li><strong>Activit\u00e9s physiques et sportives<\/strong><\/li>\n<li><strong>Animations<\/strong><\/li>\n<li><strong>Relations avec les associations<\/strong><\/li>\n<\/ol>\n<\/li>\n<\/ol>\n<p>Les pr\u00e9sident(e)s de commission si\u00e8gent au bureau \u00e9largi.<\/p>\n<p>3 permanents :<\/p>\n<ul>\n<li>Ludivine\u00a0 &#8211; coordinatrice du service<\/li>\n<li>C\u00e9cile &#8211; secr\u00e9taire comptable<\/li>\n<li>Julien\u00a0 &#8211; Educateur sportif, titulaire d&#8217;une licence\u00a0 Activit\u00e9s Physiques Adapt\u00e9es Sant\u00e9 (APAS)<\/li>\n<\/ul>\n","protected":false},"excerpt":{"rendered":"<p>organisation interne de l&#8217;OSAPAM<\/p>\n","protected":false},"author":1,"featured_media":0,"parent":7,"menu_order":1,"comment_status":"closed","ping_status":"closed","template":"","meta":{"_uag_custom_page_level_css":"","_monsterinsights_skip_tracking":false,"_monsterinsights_sitenote_active":false,"_monsterinsights_sitenote_note":"","_monsterinsights_sitenote_category":0,"footnotes":""},"aioseo_notices":[],"uagb_featured_image_src":{"full":false,"thumbnail":false,"medium":false,"medium_large":false,"large":false,"1536x1536":false,"2048x2048":false},"uagb_author_info":{"display_name":"Administrateur","author_link":"https:\/\/osapam.fr\/en\/author\/admin4376\/"},"uagb_comment_info":0,"uagb_excerpt":"organisation interne de l'OSAPAM","_links":{"self":[{"href":"https:\/\/osapam.fr\/en\/wp-json\/wp\/v2\/pages\/1469"}],"collection":[{"href":"https:\/\/osapam.fr\/en\/wp-json\/wp\/v2\/pages"}],"about":[{"href":"https:\/\/osapam.fr\/en\/wp-json\/wp\/v2\/types\/page"}],"author":[{"embeddable":true,"href":"https:\/\/osapam.fr\/en\/wp-json\/wp\/v2\/users\/1"}],"replies":[{"embeddable":true,"href":"https:\/\/osapam.fr\/en\/wp-json\/wp\/v2\/comments?post=1469"}],"version-history":[{"count":19,"href":"https:\/\/osapam.fr\/en\/wp-json\/wp\/v2\/pages\/1469\/revisions"}],"predecessor-version":[{"id":4866,"href":"https:\/\/osapam.fr\/en\/wp-json\/wp\/v2\/pages\/1469\/revisions\/4866"}],"up":[{"embeddable":true,"href":"https:\/\/osapam.fr\/en\/wp-json\/wp\/v2\/pages\/7"}],"wp:attachment":[{"href":"https:\/\/osapam.fr\/en\/wp-json\/wp\/v2\/media?parent=1469"}],"curies":[{"name":"wp","href":"https:\/\/api.w.org\/{rel}","templated":true}]}}