{"id":14,"date":"2017-03-05T15:11:35","date_gmt":"2017-03-05T14:11:35","guid":{"rendered":"http:\/\/osapam.fr\/?page_id=14"},"modified":"2022-08-30T10:11:42","modified_gmt":"2022-08-30T08:11:42","slug":"presse","status":"publish","type":"page","link":"https:\/\/osapam.fr\/en\/presse\/","title":{"rendered":"Presse"},"content":{"rendered":"<p>Parutions dans la <strong>Nouvelle R\u00e9publique :<br \/>\n<\/strong><\/p>\n\n<table id=\"tablepress-3\" class=\"tablepress tablepress-id-3\">\n<thead>\n<tr class=\"row-1 odd\">\n\t<th class=\"column-1\">Date<\/th><th class=\"column-2\">Lien<\/th>\n<\/tr>\n<\/thead>\n<tbody class=\"row-hover\">\n<tr class=\"row-2 even\">\n\t<td class=\"column-1\">8\/06\/2017<\/td><td class=\"column-2\"><a href=\"http:\/\/www.lanouvellerepublique.fr\/Deux-Sevres\/Actualite\/Education\/n\/Contenus\/Articles\/2017\/06\/16\/Les-eleves-au-pas-de-course-pour-le-plaisir-3136064\" target=\"_blank\">Melle Bornes 2017<\/a><\/td>\n<\/tr>\n<tr class=\"row-3 odd\">\n\t<td class=\"column-1\">12\/12\/2014<\/td><td class=\"column-2\"><a href=\"http:\/\/www.lanouvellerepublique.fr\/Deux-Sevres\/Communes\/Melle\/n\/Contenus\/Articles\/2014\/12\/12\/L-Oscam-devient-l-Osapam-2150919\" target=\"_blank\">L'OSCAM devient l'OSAPAM<\/a><\/td>\n<\/tr>\n<tr class=\"row-4 even\">\n\t<td class=\"column-1\">31\/08\/2016<\/td><td class=\"column-2\"><a href=\"http:\/\/www.lanouvellerepublique.fr\/Deux-Sevres\/Communes\/Melle\/n\/Contenus\/Articles\/2016\/08\/31\/La-palette-melloise-des-associations-s-agrandit-2823463\" target=\"_blank\">La palette melloise des associations s'agrandit<\/a><\/td>\n<\/tr>\n<tr class=\"row-5 odd\">\n\t<td class=\"column-1\">06\/09\/2017<\/td><td class=\"column-2\"><a href=\"http:\/\/www.lanouvellerepublique.fr\/Deux-Sevres\/Communes\/Melle\/n\/Contenus\/Articles\/2017\/09\/05\/L-offre-associative-s-expose-3213577\">Forum des associations 09 septembre 2017<\/a><\/td>\n<\/tr>\n<tr class=\"row-6 even\">\n\t<td class=\"column-1\">23\/03\/2017<\/td><td class=\"column-2\"><a href=\"http:\/\/www.lanouvellerepublique.fr\/Deux-Sevres\/Communes\/Saint-Martin-l%C3%A8s-Melle\/n\/Contenus\/Articles\/2017\/03\/23\/L-Osapam-etend-son-action-a-l-intercommunalite-3042346\">Assembl\u00e9e G\u00e9n\u00e9rale de l'OSAPAM<\/a><\/td>\n<\/tr>\n<tr class=\"row-7 odd\">\n\t<td class=\"column-1\">21\/09\/2019<\/td><td class=\"column-2\"><a href=\"https:\/\/www.lanouvellerepublique.fr\/deux-sevres\/commune\/melle\/des-projets-pour-l-osapam\" target=\"_blank\">Des projets pour l'OSAPAM<\/a><\/td>\n<\/tr>\n<tr class=\"row-8 even\">\n\t<td class=\"column-1\"><\/td><td class=\"column-2\"><\/td>\n<\/tr>\n<\/tbody>\n<\/table>\n<!-- #tablepress-3 from cache -->\n","protected":false},"excerpt":{"rendered":"<p>Parutions dans la Nouvelle R\u00e9publique :<\/p>\n","protected":false},"author":1,"featured_media":0,"parent":0,"menu_order":5,"comment_status":"closed","ping_status":"closed","template":"","meta":{"_uag_custom_page_level_css":"","_monsterinsights_skip_tracking":false,"_monsterinsights_sitenote_active":false,"_monsterinsights_sitenote_note":"","_monsterinsights_sitenote_category":0,"footnotes":""},"aioseo_notices":[],"uagb_featured_image_src":{"full":false,"thumbnail":false,"medium":false,"medium_large":false,"large":false,"1536x1536":false,"2048x2048":false},"uagb_author_info":{"display_name":"Administrateur","author_link":"https:\/\/osapam.fr\/en\/author\/admin4376\/"},"uagb_comment_info":0,"uagb_excerpt":"Parutions dans la Nouvelle R\u00e9publique :","_links":{"self":[{"href":"https:\/\/osapam.fr\/en\/wp-json\/wp\/v2\/pages\/14"}],"collection":[{"href":"https:\/\/osapam.fr\/en\/wp-json\/wp\/v2\/pages"}],"about":[{"href":"https:\/\/osapam.fr\/en\/wp-json\/wp\/v2\/types\/page"}],"author":[{"embeddable":true,"href":"https:\/\/osapam.fr\/en\/wp-json\/wp\/v2\/users\/1"}],"replies":[{"embeddable":true,"href":"https:\/\/osapam.fr\/en\/wp-json\/wp\/v2\/comments?post=14"}],"version-history":[{"count":4,"href":"https:\/\/osapam.fr\/en\/wp-json\/wp\/v2\/pages\/14\/revisions"}],"predecessor-version":[{"id":2213,"href":"https:\/\/osapam.fr\/en\/wp-json\/wp\/v2\/pages\/14\/revisions\/2213"}],"wp:attachment":[{"href":"https:\/\/osapam.fr\/en\/wp-json\/wp\/v2\/media?parent=14"}],"curies":[{"name":"wp","href":"https:\/\/api.w.org\/{rel}","templated":true}]}}