{"id":4355,"date":"2024-02-27T13:58:39","date_gmt":"2024-02-27T12:58:39","guid":{"rendered":"https:\/\/osapam.fr\/?page_id=4355"},"modified":"2025-10-31T12:59:41","modified_gmt":"2025-10-31T11:59:41","slug":"les-rendez-vous-thematiques","status":"publish","type":"page","link":"https:\/\/osapam.fr\/de\/les-rendez-vous-thematiques\/","title":{"rendered":"Les rendez-vous th\u00e9matiques"},"content":{"rendered":"\t\t<div data-elementor-type=\"wp-page\" data-elementor-id=\"4355\" class=\"elementor elementor-4355\">\n\t\t\t\t\t\t<section class=\"elementor-section elementor-top-section elementor-element elementor-element-460b660 elementor-section-boxed elementor-section-height-default elementor-section-height-default wpr-particle-no wpr-jarallax-no wpr-parallax-no wpr-sticky-section-no\" data-id=\"460b660\" data-element_type=\"section\">\n\t\t\t\t\t\t<div class=\"elementor-container elementor-column-gap-default\">\n\t\t\t\t\t<div class=\"elementor-column elementor-col-100 elementor-top-column elementor-element elementor-element-ee4c3b3\" data-id=\"ee4c3b3\" data-element_type=\"column\">\n\t\t\t<div class=\"elementor-widget-wrap elementor-element-populated\">\n\t\t\t\t\t\t<div class=\"elementor-element elementor-element-2aae8d2 elementor-invisible elementor-widget elementor-widget-heading\" data-id=\"2aae8d2\" data-element_type=\"widget\" data-settings=\"{&quot;_animation&quot;:&quot;fadeIn&quot;}\" data-widget_type=\"heading.default\">\n\t\t\t\t<div class=\"elementor-widget-container\">\n\t\t\t<h2 class=\"elementor-heading-title elementor-size-default\">Les rendez-vous th\u00e9matiques<\/h2>\t\t<\/div>\n\t\t\t\t<\/div>\n\t\t\t\t\t<\/div>\n\t\t<\/div>\n\t\t\t\t\t<\/div>\n\t\t<\/section>\n\t\t\t\t<section class=\"elementor-section elementor-top-section elementor-element elementor-element-92762ca elementor-section-boxed elementor-section-height-default elementor-section-height-default wpr-particle-no wpr-jarallax-no wpr-parallax-no wpr-sticky-section-no\" data-id=\"92762ca\" data-element_type=\"section\">\n\t\t\t\t\t\t<div class=\"elementor-container elementor-column-gap-default\">\n\t\t\t\t\t<div class=\"elementor-column elementor-col-100 elementor-top-column elementor-element elementor-element-af40266\" data-id=\"af40266\" data-element_type=\"column\">\n\t\t\t<div class=\"elementor-widget-wrap elementor-element-populated\">\n\t\t\t\t\t\t<div class=\"elementor-element elementor-element-0c75b76 elementor-widget elementor-widget-spacer\" data-id=\"0c75b76\" data-element_type=\"widget\" data-widget_type=\"spacer.default\">\n\t\t\t\t<div class=\"elementor-widget-container\">\n\t\t\t\t\t<div class=\"elementor-spacer\">\n\t\t\t<div class=\"elementor-spacer-inner\"><\/div>\n\t\t<\/div>\n\t\t\t\t<\/div>\n\t\t\t\t<\/div>\n\t\t\t\t\t<\/div>\n\t\t<\/div>\n\t\t\t\t\t<\/div>\n\t\t<\/section>\n\t\t\t\t<section class=\"elementor-section elementor-top-section elementor-element elementor-element-b91aa0c elementor-section-boxed elementor-section-height-default elementor-section-height-default wpr-particle-no wpr-jarallax-no wpr-parallax-no wpr-sticky-section-no\" data-id=\"b91aa0c\" data-element_type=\"section\">\n\t\t\t\t\t\t<div class=\"elementor-container elementor-column-gap-default\">\n\t\t\t\t\t<div class=\"elementor-column elementor-col-100 elementor-top-column elementor-element elementor-element-4a494db\" data-id=\"4a494db\" data-element_type=\"column\">\n\t\t\t<div class=\"elementor-widget-wrap elementor-element-populated\">\n\t\t\t\t\t\t<div class=\"elementor-element elementor-element-2a9f3f0 elementor-invisible elementor-widget elementor-widget-image\" data-id=\"2a9f3f0\" data-element_type=\"widget\" data-settings=\"{&quot;_animation&quot;:&quot;fadeIn&quot;}\" data-widget_type=\"image.default\">\n\t\t\t\t<div class=\"elementor-widget-container\">\n\t\t\t\t\t\t\t\t\t\t\t\t\t<img fetchpriority=\"high\" decoding=\"async\" width=\"1048\" height=\"250\" src=\"https:\/\/osapam.fr\/wp-content\/uploads\/2022\/08\/Copie-de-Ajouter-un-titre-2.png\" class=\"attachment-full size-full wp-image-2256\" alt=\"\" srcset=\"https:\/\/osapam.fr\/wp-content\/uploads\/2022\/08\/Copie-de-Ajouter-un-titre-2.png 1048w, https:\/\/osapam.fr\/wp-content\/uploads\/2022\/08\/Copie-de-Ajouter-un-titre-2-300x72.png 300w, https:\/\/osapam.fr\/wp-content\/uploads\/2022\/08\/Copie-de-Ajouter-un-titre-2-1024x244.png 1024w, https:\/\/osapam.fr\/wp-content\/uploads\/2022\/08\/Copie-de-Ajouter-un-titre-2-768x183.png 768w\" sizes=\"(max-width: 1048px) 100vw, 1048px\" \/>\t\t\t\t\t\t\t\t\t\t\t\t\t<\/div>\n\t\t\t\t<\/div>\n\t\t\t\t\t<\/div>\n\t\t<\/div>\n\t\t\t\t\t<\/div>\n\t\t<\/section>\n\t\t\t\t<section class=\"elementor-section elementor-top-section elementor-element elementor-element-3aeca43 elementor-section-boxed elementor-section-height-default elementor-section-height-default wpr-particle-no wpr-jarallax-no wpr-parallax-no wpr-sticky-section-no\" data-id=\"3aeca43\" data-element_type=\"section\">\n\t\t\t\t\t\t<div class=\"elementor-container elementor-column-gap-default\">\n\t\t\t\t\t<div class=\"elementor-column elementor-col-100 elementor-top-column elementor-element elementor-element-6f7ddcb\" data-id=\"6f7ddcb\" data-element_type=\"column\">\n\t\t\t<div class=\"elementor-widget-wrap elementor-element-populated\">\n\t\t\t\t\t\t<div class=\"elementor-element elementor-element-3c2b7b9 elementor-invisible elementor-widget elementor-widget-text-editor\" data-id=\"3c2b7b9\" data-element_type=\"widget\" data-settings=\"{&quot;_animation&quot;:&quot;fadeIn&quot;}\" data-widget_type=\"text-editor.default\">\n\t\t\t\t<div class=\"elementor-widget-container\">\n\t\t\t\t\t\t\t<p><b><span style=\"color: var( --e-global-color-text ); font-family: var( --e-global-typography-text-font-family ), Sans-serif;\">D<\/span><span style=\"color: var( --e-global-color-text ); font-family: var( --e-global-typography-text-font-family ), Sans-serif;\">a<\/span><\/b><span style=\"color: var( --e-global-color-text ); font-family: var( --e-global-typography-text-font-family ), Sans-serif;\"><b>ns le cadre de notre mission d&#8217;accompagnement \u00e0 la vie associative nous vous proposons de d\u00e9velopper vos comp<\/b><\/span><span style=\"font-weight: bold; color: var( --e-global-color-text ); font-family: var( --e-global-typography-text-font-family ), Sans-serif;\">\u00e9tences et vos connaissances autours de temps d&#8217;\u00e9changes th\u00e9matiques.<\/span><\/p>\n<ul>\n<li style=\"list-style-type: none;\">\n<ul>\n<li><span style=\"font-weight: bold;\">La communication de mon asso<\/span><\/li>\n<li><b>Ne pas s&#8217;ennuyer en AG<\/b><\/li>\n<li><b>D\u00e9poser une demande de subvention FDVA2<\/b><\/li>\n<li><b>Ma responsabilit\u00e9 de dirigeant<\/b><\/li>\n<li><b>Comment faire \u00e9voluer son association<\/b><\/li>\n<li><b>Comment financer ses activit\u00e9s<\/b><\/li>\n<\/ul>\n<\/li>\n<\/ul>\t\t\t\t\t\t<\/div>\n\t\t\t\t<\/div>\n\t\t\t\t\t<\/div>\n\t\t<\/div>\n\t\t\t\t\t<\/div>\n\t\t<\/section>\n\t\t\t\t<section class=\"elementor-section elementor-top-section elementor-element elementor-element-cec873d elementor-section-boxed elementor-section-height-default elementor-section-height-default wpr-particle-no wpr-jarallax-no wpr-parallax-no wpr-sticky-section-no\" data-id=\"cec873d\" data-element_type=\"section\">\n\t\t\t\t\t\t<div class=\"elementor-container elementor-column-gap-default\">\n\t\t\t\t\t<div class=\"elementor-column elementor-col-100 elementor-top-column elementor-element elementor-element-646cc57\" data-id=\"646cc57\" data-element_type=\"column\">\n\t\t\t<div class=\"elementor-widget-wrap elementor-element-populated\">\n\t\t\t\t\t\t<div class=\"elementor-element elementor-element-303b3b2 elementor-invisible elementor-widget elementor-widget-heading\" data-id=\"303b3b2\" data-element_type=\"widget\" data-settings=\"{&quot;_animation&quot;:&quot;fadeIn&quot;}\" data-widget_type=\"heading.default\">\n\t\t\t\t<div class=\"elementor-widget-container\">\n\t\t\t<h2 class=\"elementor-heading-title elementor-size-large\">Les rendez-vous th\u00e9matiques \u00e0 venir<\/h2>\t\t<\/div>\n\t\t\t\t<\/div>\n\t\t\t\t\t<\/div>\n\t\t<\/div>\n\t\t\t\t\t<\/div>\n\t\t<\/section>\n\t\t\t\t<section class=\"elementor-section elementor-top-section elementor-element elementor-element-747117b elementor-section-boxed elementor-section-height-default elementor-section-height-default wpr-particle-no wpr-jarallax-no wpr-parallax-no wpr-sticky-section-no\" data-id=\"747117b\" data-element_type=\"section\">\n\t\t\t\t\t\t<div class=\"elementor-container elementor-column-gap-default\">\n\t\t\t\t\t<div class=\"elementor-column elementor-col-33 elementor-top-column elementor-element elementor-element-d3e1949\" data-id=\"d3e1949\" data-element_type=\"column\">\n\t\t\t<div class=\"elementor-widget-wrap elementor-element-populated\">\n\t\t\t\t\t\t<div class=\"elementor-element elementor-element-ac3d556 elementor-invisible elementor-widget elementor-widget-image\" data-id=\"ac3d556\" data-element_type=\"widget\" data-settings=\"{&quot;_animation&quot;:&quot;fadeIn&quot;}\" data-widget_type=\"image.default\">\n\t\t\t\t<div class=\"elementor-widget-container\">\n\t\t\t\t\t\t\t\t\t\t\t\t\t<img decoding=\"async\" width=\"843\" height=\"843\" src=\"https:\/\/osapam.fr\/wp-content\/uploads\/2025\/10\/communication-de-mon-asso-18nov2025-1024x1024.jpg\" class=\"elementor-animation-grow attachment-large size-large wp-image-5097\" alt=\"\" srcset=\"https:\/\/osapam.fr\/wp-content\/uploads\/2025\/10\/communication-de-mon-asso-18nov2025-1024x1024.jpg 1024w, https:\/\/osapam.fr\/wp-content\/uploads\/2025\/10\/communication-de-mon-asso-18nov2025-300x300.jpg 300w, https:\/\/osapam.fr\/wp-content\/uploads\/2025\/10\/communication-de-mon-asso-18nov2025-150x150.jpg 150w, https:\/\/osapam.fr\/wp-content\/uploads\/2025\/10\/communication-de-mon-asso-18nov2025-768x768.jpg 768w, https:\/\/osapam.fr\/wp-content\/uploads\/2025\/10\/communication-de-mon-asso-18nov2025.jpg 1080w\" sizes=\"(max-width: 843px) 100vw, 843px\" \/>\t\t\t\t\t\t\t\t\t\t\t\t\t<\/div>\n\t\t\t\t<\/div>\n\t\t\t\t\t<\/div>\n\t\t<\/div>\n\t\t\t\t<div class=\"elementor-column elementor-col-33 elementor-top-column elementor-element elementor-element-3ea901c\" data-id=\"3ea901c\" data-element_type=\"column\">\n\t\t\t<div class=\"elementor-widget-wrap elementor-element-populated\">\n\t\t\t\t\t\t<div class=\"elementor-element elementor-element-76e0641 elementor-widget elementor-widget-image\" data-id=\"76e0641\" data-element_type=\"widget\" data-widget_type=\"image.default\">\n\t\t\t\t<div class=\"elementor-widget-container\">\n\t\t\t\t\t\t\t\t\t\t\t\t\t<img decoding=\"async\" width=\"843\" height=\"843\" src=\"https:\/\/osapam.fr\/wp-content\/uploads\/2025\/10\/ne-pas-s-ennuyer-en-AG-25nov2025-1024x1024.jpg\" class=\"attachment-large size-large wp-image-5098\" alt=\"\" srcset=\"https:\/\/osapam.fr\/wp-content\/uploads\/2025\/10\/ne-pas-s-ennuyer-en-AG-25nov2025-1024x1024.jpg 1024w, https:\/\/osapam.fr\/wp-content\/uploads\/2025\/10\/ne-pas-s-ennuyer-en-AG-25nov2025-300x300.jpg 300w, https:\/\/osapam.fr\/wp-content\/uploads\/2025\/10\/ne-pas-s-ennuyer-en-AG-25nov2025-150x150.jpg 150w, https:\/\/osapam.fr\/wp-content\/uploads\/2025\/10\/ne-pas-s-ennuyer-en-AG-25nov2025-768x768.jpg 768w, https:\/\/osapam.fr\/wp-content\/uploads\/2025\/10\/ne-pas-s-ennuyer-en-AG-25nov2025.jpg 1080w\" sizes=\"(max-width: 843px) 100vw, 843px\" \/>\t\t\t\t\t\t\t\t\t\t\t\t\t<\/div>\n\t\t\t\t<\/div>\n\t\t\t\t\t<\/div>\n\t\t<\/div>\n\t\t\t\t<div class=\"elementor-column elementor-col-33 elementor-top-column elementor-element elementor-element-3a18ad3\" data-id=\"3a18ad3\" data-element_type=\"column\">\n\t\t\t<div class=\"elementor-widget-wrap elementor-element-populated\">\n\t\t\t\t\t\t<div class=\"elementor-element elementor-element-c341a9a elementor-widget elementor-widget-image\" data-id=\"c341a9a\" data-element_type=\"widget\" data-widget_type=\"image.default\">\n\t\t\t\t<div class=\"elementor-widget-container\">\n\t\t\t\t\t\t\t\t\t\t\t\t\t<img loading=\"lazy\" decoding=\"async\" width=\"843\" height=\"843\" src=\"https:\/\/osapam.fr\/wp-content\/uploads\/2025\/10\/deposer-une-demande-subvention-FDVA2-13janv2026-1024x1024.jpg\" class=\"attachment-large size-large wp-image-5102\" alt=\"\" srcset=\"https:\/\/osapam.fr\/wp-content\/uploads\/2025\/10\/deposer-une-demande-subvention-FDVA2-13janv2026-1024x1024.jpg 1024w, https:\/\/osapam.fr\/wp-content\/uploads\/2025\/10\/deposer-une-demande-subvention-FDVA2-13janv2026-300x300.jpg 300w, https:\/\/osapam.fr\/wp-content\/uploads\/2025\/10\/deposer-une-demande-subvention-FDVA2-13janv2026-150x150.jpg 150w, https:\/\/osapam.fr\/wp-content\/uploads\/2025\/10\/deposer-une-demande-subvention-FDVA2-13janv2026-768x768.jpg 768w, https:\/\/osapam.fr\/wp-content\/uploads\/2025\/10\/deposer-une-demande-subvention-FDVA2-13janv2026.jpg 1080w\" sizes=\"(max-width: 843px) 100vw, 843px\" \/>\t\t\t\t\t\t\t\t\t\t\t\t\t<\/div>\n\t\t\t\t<\/div>\n\t\t\t\t\t<\/div>\n\t\t<\/div>\n\t\t\t\t\t<\/div>\n\t\t<\/section>\n\t\t\t\t<section class=\"elementor-section elementor-top-section elementor-element elementor-element-3942ddf elementor-section-boxed elementor-section-height-default elementor-section-height-default wpr-particle-no wpr-jarallax-no wpr-parallax-no wpr-sticky-section-no\" data-id=\"3942ddf\" data-element_type=\"section\">\n\t\t\t\t\t\t<div class=\"elementor-container elementor-column-gap-default\">\n\t\t\t\t\t<div class=\"elementor-column elementor-col-100 elementor-top-column elementor-element elementor-element-62c8e3d\" data-id=\"62c8e3d\" data-element_type=\"column\">\n\t\t\t<div class=\"elementor-widget-wrap elementor-element-populated\">\n\t\t\t\t\t\t<div class=\"elementor-element elementor-element-8947c17 elementor-widget elementor-widget-spacer\" data-id=\"8947c17\" data-element_type=\"widget\" data-widget_type=\"spacer.default\">\n\t\t\t\t<div class=\"elementor-widget-container\">\n\t\t\t\t\t<div class=\"elementor-spacer\">\n\t\t\t<div class=\"elementor-spacer-inner\"><\/div>\n\t\t<\/div>\n\t\t\t\t<\/div>\n\t\t\t\t<\/div>\n\t\t\t\t\t<\/div>\n\t\t<\/div>\n\t\t\t\t\t<\/div>\n\t\t<\/section>\n\t\t\t\t<section class=\"elementor-section elementor-top-section elementor-element elementor-element-9ce89c8 elementor-section-boxed elementor-section-height-default elementor-section-height-default wpr-particle-no wpr-jarallax-no wpr-parallax-no wpr-sticky-section-no\" data-id=\"9ce89c8\" data-element_type=\"section\">\n\t\t\t\t\t\t<div class=\"elementor-container elementor-column-gap-default\">\n\t\t\t\t\t<div class=\"elementor-column elementor-col-100 elementor-top-column elementor-element elementor-element-f43d761\" data-id=\"f43d761\" data-element_type=\"column\">\n\t\t\t<div class=\"elementor-widget-wrap elementor-element-populated\">\n\t\t\t\t\t\t<div class=\"elementor-element elementor-element-267848d elementor-invisible elementor-widget elementor-widget-heading\" data-id=\"267848d\" data-element_type=\"widget\" data-settings=\"{&quot;_animation&quot;:&quot;fadeIn&quot;}\" data-widget_type=\"heading.default\">\n\t\t\t\t<div class=\"elementor-widget-container\">\n\t\t\t<h2 class=\"elementor-heading-title elementor-size-default\">Plus tard dans l'ann\u00e9e<\/h2>\t\t<\/div>\n\t\t\t\t<\/div>\n\t\t\t\t\t<\/div>\n\t\t<\/div>\n\t\t\t\t\t<\/div>\n\t\t<\/section>\n\t\t\t\t<section class=\"elementor-section elementor-top-section elementor-element elementor-element-089bb1c elementor-section-boxed elementor-section-height-default elementor-section-height-default wpr-particle-no wpr-jarallax-no wpr-parallax-no wpr-sticky-section-no\" data-id=\"089bb1c\" data-element_type=\"section\">\n\t\t\t\t\t\t<div class=\"elementor-container elementor-column-gap-default\">\n\t\t\t\t\t<div class=\"elementor-column elementor-col-33 elementor-top-column elementor-element elementor-element-181e551\" data-id=\"181e551\" data-element_type=\"column\">\n\t\t\t<div class=\"elementor-widget-wrap elementor-element-populated\">\n\t\t\t\t\t\t<div class=\"elementor-element elementor-element-44c036e elementor-invisible elementor-widget elementor-widget-image\" data-id=\"44c036e\" data-element_type=\"widget\" data-settings=\"{&quot;_animation&quot;:&quot;fadeIn&quot;}\" data-widget_type=\"image.default\">\n\t\t\t\t<div class=\"elementor-widget-container\">\n\t\t\t\t\t\t\t\t\t\t\t\t\t<img loading=\"lazy\" decoding=\"async\" width=\"843\" height=\"843\" src=\"https:\/\/osapam.fr\/wp-content\/uploads\/2025\/10\/responsabilite-de-dirigeants-17-fev2025-1024x1024.jpg\" class=\"attachment-large size-large wp-image-5099\" alt=\"\" srcset=\"https:\/\/osapam.fr\/wp-content\/uploads\/2025\/10\/responsabilite-de-dirigeants-17-fev2025-1024x1024.jpg 1024w, https:\/\/osapam.fr\/wp-content\/uploads\/2025\/10\/responsabilite-de-dirigeants-17-fev2025-300x300.jpg 300w, https:\/\/osapam.fr\/wp-content\/uploads\/2025\/10\/responsabilite-de-dirigeants-17-fev2025-150x150.jpg 150w, https:\/\/osapam.fr\/wp-content\/uploads\/2025\/10\/responsabilite-de-dirigeants-17-fev2025-768x768.jpg 768w, https:\/\/osapam.fr\/wp-content\/uploads\/2025\/10\/responsabilite-de-dirigeants-17-fev2025.jpg 1080w\" sizes=\"(max-width: 843px) 100vw, 843px\" \/>\t\t\t\t\t\t\t\t\t\t\t\t\t<\/div>\n\t\t\t\t<\/div>\n\t\t\t\t\t<\/div>\n\t\t<\/div>\n\t\t\t\t<div class=\"elementor-column elementor-col-33 elementor-top-column elementor-element elementor-element-c05ccc6\" data-id=\"c05ccc6\" data-element_type=\"column\">\n\t\t\t<div class=\"elementor-widget-wrap elementor-element-populated\">\n\t\t\t\t\t\t<div class=\"elementor-element elementor-element-ce6901e elementor-invisible elementor-widget elementor-widget-image\" data-id=\"ce6901e\" data-element_type=\"widget\" data-settings=\"{&quot;_animation&quot;:&quot;fadeIn&quot;}\" data-widget_type=\"image.default\">\n\t\t\t\t<div class=\"elementor-widget-container\">\n\t\t\t\t\t\t\t\t\t\t\t\t\t<img loading=\"lazy\" decoding=\"async\" width=\"843\" height=\"843\" src=\"https:\/\/osapam.fr\/wp-content\/uploads\/2025\/10\/faire-evoluer-son-association-10-mars2026-1024x1024.jpg\" class=\"elementor-animation-grow attachment-large size-large wp-image-5101\" alt=\"\" srcset=\"https:\/\/osapam.fr\/wp-content\/uploads\/2025\/10\/faire-evoluer-son-association-10-mars2026-1024x1024.jpg 1024w, https:\/\/osapam.fr\/wp-content\/uploads\/2025\/10\/faire-evoluer-son-association-10-mars2026-300x300.jpg 300w, https:\/\/osapam.fr\/wp-content\/uploads\/2025\/10\/faire-evoluer-son-association-10-mars2026-150x150.jpg 150w, https:\/\/osapam.fr\/wp-content\/uploads\/2025\/10\/faire-evoluer-son-association-10-mars2026-768x768.jpg 768w, https:\/\/osapam.fr\/wp-content\/uploads\/2025\/10\/faire-evoluer-son-association-10-mars2026.jpg 1080w\" sizes=\"(max-width: 843px) 100vw, 843px\" \/>\t\t\t\t\t\t\t\t\t\t\t\t\t<\/div>\n\t\t\t\t<\/div>\n\t\t\t\t\t<\/div>\n\t\t<\/div>\n\t\t\t\t<div class=\"elementor-column elementor-col-33 elementor-top-column elementor-element elementor-element-21352f8\" data-id=\"21352f8\" data-element_type=\"column\">\n\t\t\t<div class=\"elementor-widget-wrap elementor-element-populated\">\n\t\t\t\t\t\t<div class=\"elementor-element elementor-element-b32e345 elementor-widget elementor-widget-image\" data-id=\"b32e345\" data-element_type=\"widget\" data-widget_type=\"image.default\">\n\t\t\t\t<div class=\"elementor-widget-container\">\n\t\t\t\t\t\t\t\t\t\t\t\t\t<img loading=\"lazy\" decoding=\"async\" width=\"843\" height=\"843\" src=\"https:\/\/osapam.fr\/wp-content\/uploads\/2025\/10\/financer-ses-activites-fixer-prix-des-cotisations-21avril2026-1024x1024.jpg\" class=\"attachment-large size-large wp-image-5103\" alt=\"\" srcset=\"https:\/\/osapam.fr\/wp-content\/uploads\/2025\/10\/financer-ses-activites-fixer-prix-des-cotisations-21avril2026-1024x1024.jpg 1024w, https:\/\/osapam.fr\/wp-content\/uploads\/2025\/10\/financer-ses-activites-fixer-prix-des-cotisations-21avril2026-300x300.jpg 300w, https:\/\/osapam.fr\/wp-content\/uploads\/2025\/10\/financer-ses-activites-fixer-prix-des-cotisations-21avril2026-150x150.jpg 150w, https:\/\/osapam.fr\/wp-content\/uploads\/2025\/10\/financer-ses-activites-fixer-prix-des-cotisations-21avril2026-768x768.jpg 768w, https:\/\/osapam.fr\/wp-content\/uploads\/2025\/10\/financer-ses-activites-fixer-prix-des-cotisations-21avril2026.jpg 1080w\" sizes=\"(max-width: 843px) 100vw, 843px\" \/>\t\t\t\t\t\t\t\t\t\t\t\t\t<\/div>\n\t\t\t\t<\/div>\n\t\t\t\t\t<\/div>\n\t\t<\/div>\n\t\t\t\t\t<\/div>\n\t\t<\/section>\n\t\t\t\t<section class=\"elementor-section elementor-top-section elementor-element elementor-element-672138e elementor-section-boxed elementor-section-height-default elementor-section-height-default wpr-particle-no wpr-jarallax-no wpr-parallax-no wpr-sticky-section-no\" data-id=\"672138e\" data-element_type=\"section\">\n\t\t\t\t\t\t<div class=\"elementor-container elementor-column-gap-default\">\n\t\t\t\t\t<div class=\"elementor-column elementor-col-100 elementor-top-column elementor-element elementor-element-a64b94c\" data-id=\"a64b94c\" data-element_type=\"column\">\n\t\t\t<div class=\"elementor-widget-wrap\">\n\t\t\t\t\t\t\t<\/div>\n\t\t<\/div>\n\t\t\t\t\t<\/div>\n\t\t<\/section>\n\t\t\t\t<\/div>\n\t\t","protected":false},"excerpt":{"rendered":"<p>Les rendez-vous th\u00e9matiques Dans le cadre de notre mission d&#8217;accompagnement \u00e0 la vie associative nous vous proposons de d\u00e9velopper vos comp\u00e9tences et vos connaissances autours&hellip;<\/p>\n","protected":false},"author":1,"featured_media":0,"parent":0,"menu_order":0,"comment_status":"closed","ping_status":"closed","template":"","meta":{"_uag_custom_page_level_css":"","_monsterinsights_skip_tracking":false,"_monsterinsights_sitenote_active":false,"_monsterinsights_sitenote_note":"","_monsterinsights_sitenote_category":0,"footnotes":""},"aioseo_notices":[],"uagb_featured_image_src":{"full":false,"thumbnail":false,"medium":false,"medium_large":false,"large":false,"1536x1536":false,"2048x2048":false},"uagb_author_info":{"display_name":"Administrateur","author_link":"https:\/\/osapam.fr\/de\/author\/admin4376\/"},"uagb_comment_info":0,"uagb_excerpt":"Les rendez-vous th\u00e9matiques Dans le cadre de notre mission d&#8217;accompagnement \u00e0 la vie associative nous vous proposons de d\u00e9velopper vos comp\u00e9tences et vos connaissances autours&hellip;","_links":{"self":[{"href":"https:\/\/osapam.fr\/de\/wp-json\/wp\/v2\/pages\/4355"}],"collection":[{"href":"https:\/\/osapam.fr\/de\/wp-json\/wp\/v2\/pages"}],"about":[{"href":"https:\/\/osapam.fr\/de\/wp-json\/wp\/v2\/types\/page"}],"author":[{"embeddable":true,"href":"https:\/\/osapam.fr\/de\/wp-json\/wp\/v2\/users\/1"}],"replies":[{"embeddable":true,"href":"https:\/\/osapam.fr\/de\/wp-json\/wp\/v2\/comments?post=4355"}],"version-history":[{"count":36,"href":"https:\/\/osapam.fr\/de\/wp-json\/wp\/v2\/pages\/4355\/revisions"}],"predecessor-version":[{"id":5128,"href":"https:\/\/osapam.fr\/de\/wp-json\/wp\/v2\/pages\/4355\/revisions\/5128"}],"wp:attachment":[{"href":"https:\/\/osapam.fr\/de\/wp-json\/wp\/v2\/media?parent=4355"}],"curies":[{"name":"wp","href":"https:\/\/api.w.org\/{rel}","templated":true}]}}