{"id":3063,"date":"2023-08-29T15:57:31","date_gmt":"2023-08-29T13:57:31","guid":{"rendered":"https:\/\/osapam.fr\/?page_id=3063"},"modified":"2025-09-05T09:26:45","modified_gmt":"2025-09-05T07:26:45","slug":"ticket-jeune-citoyen","status":"publish","type":"page","link":"https:\/\/osapam.fr\/de\/ticket-jeune-citoyen\/","title":{"rendered":"Ticket Jeune Citoyen"},"content":{"rendered":"\t\t<div data-elementor-type=\"wp-page\" data-elementor-id=\"3063\" class=\"elementor elementor-3063\">\n\t\t\t\t\t\t<section class=\"elementor-section elementor-top-section elementor-element elementor-element-6b35ce0f elementor-section-boxed elementor-section-height-default elementor-section-height-default wpr-particle-no wpr-jarallax-no wpr-parallax-no wpr-sticky-section-no\" data-id=\"6b35ce0f\" data-element_type=\"section\">\n\t\t\t\t\t\t<div class=\"elementor-container elementor-column-gap-default\">\n\t\t\t\t\t<div class=\"elementor-column elementor-col-100 elementor-top-column elementor-element elementor-element-730b688d\" data-id=\"730b688d\" data-element_type=\"column\">\n\t\t\t<div class=\"elementor-widget-wrap elementor-element-populated\">\n\t\t\t\t\t\t<div class=\"elementor-element elementor-element-24a70317 elementor-widget elementor-widget-text-editor\" data-id=\"24a70317\" data-element_type=\"widget\" data-widget_type=\"text-editor.default\">\n\t\t\t\t<div class=\"elementor-widget-container\">\n\t\t\t\t\t\t\t<p>[:fr]<\/p>\n<p><!-- wp:spacer {\"height\":\"15px\"} --><\/p>\n<div class=\"wp-block-spacer\" style=\"height: 15px;\" aria-hidden=\"true\">\u00a0<\/div>\n<p><!-- \/wp:spacer --><!-- wp:heading {\"textAlign\":\"center\"} --><\/p>\n<h2 class=\"wp-block-heading has-text-align-center\"><strong><mark class=\"has-inline-color has-luminous-vivid-orange-color\" style=\"background-color: rgba(0, 0, 0, 0);\">Ticket Jeune Citoyen<\/mark><\/strong><\/h2>\n<p><!-- \/wp:heading --><!-- wp:spacer {\"height\":\"15px\"} --><\/p>\n<div class=\"wp-block-spacer\" style=\"height: 15px;\" aria-hidden=\"true\">\u00a0<\/div>\n<p><!-- \/wp:spacer --><!-- wp:image {\"id\":4816,\"sizeSlug\":\"full\",\"linkDestination\":\"none\",\"align\":\"full\"} --><\/p>\n<figure class=\"wp-block-image alignfull size-full\"><img decoding=\"async\" class=\"alignnone wp-image-4933 size-medium\" src=\"https:\/\/osapam.fr\/wp-content\/uploads\/2025\/09\/ticket-citoyen-2025-26-300x95.jpg\" alt=\"\" width=\"300\" height=\"95\" srcset=\"https:\/\/osapam.fr\/wp-content\/uploads\/2025\/09\/ticket-citoyen-2025-26-300x95.jpg 300w, https:\/\/osapam.fr\/wp-content\/uploads\/2025\/09\/ticket-citoyen-2025-26-1024x324.jpg 1024w, https:\/\/osapam.fr\/wp-content\/uploads\/2025\/09\/ticket-citoyen-2025-26-768x243.jpg 768w, https:\/\/osapam.fr\/wp-content\/uploads\/2025\/09\/ticket-citoyen-2025-26-1536x487.jpg 1536w, https:\/\/osapam.fr\/wp-content\/uploads\/2025\/09\/ticket-citoyen-2025-26-2048x649.jpg 2048w\" sizes=\"(max-width: 300px) 100vw, 300px\" \/><\/figure>\n<p><!-- \/wp:image --><!-- wp:heading --><\/p>\n<h2 class=\"wp-block-heading\"><strong>Le Ticket Jeune Citoyen : en quoi cela consiste ?\u00a0<\/strong><\/h2>\n<p><!-- \/wp:heading --><!-- wp:paragraph --><\/p>\n<p>Le Ticket Jeune Citoyen est un dispositif<strong>\u00a0<\/strong>lanc\u00e9 par le D\u00e9partement pour\u00a0<strong>soutenir les associations des Deux-S\u00e8vres<\/strong>\u00a0en\u00a0<strong>impliquant les jeunes Deux-S\u00e9vriens<\/strong>\u00a0dans cette d\u00e9marche de soutien.\u00a0<\/p>\n<p><!-- \/wp:paragraph --><!-- wp:paragraph --><\/p>\n<p>Ce\u00a0programme a pour but de valoriser les associations qui concourent \u00e0 l\u2019\u00e9ducation et aux loisirs des jeunes du d\u00e9partement en leur proposant des activit\u00e9s vari\u00e9es, de qualit\u00e9 et de proximit\u00e9.\u00a0<\/p>\n<p><!-- \/wp:paragraph --><!-- wp:heading {\"level\":3} --><\/p>\n<h3 style=\"font-family: Montserrat, sans-serif; font-weight: bold; line-height: 34px; color: #4d4d4d; margin-bottom: 5px; font-size: 24px; outline: 0px !important;\">\u00c0 qui remettre ton\u00a0Ticket Jeune Citoyen ?\u00a0<\/h3>\n<ul style=\"margin: 0px; padding-left: 50px; color: #686868; font-family: Calibri, Arial; font-size: 15px; outline: 0px !important;\">\n<li style=\"padding: 0px; margin: 0px; list-style: circle; font-size: 21px; line-height: 35px; outline: 0px !important;\">\u00c0 une association loi 1901 deux-s\u00e9vrienne ;\u00a0<\/li>\n<li style=\"padding: 0px; margin: 0px; list-style: circle; font-size: 21px; line-height: 35px; outline: 0px !important;\">Qui propose une activit\u00e9 culturelle, sportive, d&#8217;\u00e9ducation, de loisir ou d&#8217;initiation \u00e0 des savoir-faire ;\u00a0<\/li>\n<li style=\"padding: 0px; margin: 0px; list-style: circle; font-size: 21px; line-height: 35px; outline: 0px !important;\">O\u00f9 tu te rends pour ton activit\u00e9 au minimum une fois par semaine, \u00e0 l&#8217;ann\u00e9e.\u00a0<\/li>\n<\/ul>\n<p style=\"margin-bottom: 10px; line-height: 35px; font-size: 21px; color: #686868; font-family: Calibri, Arial; outline: 0px !important;\">\u00a0<\/p>\n<h3 style=\"font-family: Montserrat, sans-serif; font-weight: bold; line-height: 34px; color: #4d4d4d; margin-bottom: 5px; font-size: 24px; outline: 0px !important;\">Comment ?<\/h3>\n<p style=\"margin-bottom: 10px; line-height: 35px; font-size: 21px; color: #686868; font-family: Calibri, Arial; outline: 0px !important;\">1. Ton parent\u00a0<a style=\"background-image: initial; background-position: initial; background-size: initial; background-repeat: initial; background-attachment: initial; background-origin: initial; background-clip: initial; color: #763e99; transition-duration: 200ms; transition-timing-function: linear; transition-property: all; outline: 0px !important;\" href=\"https:\/\/www.monasso79.fr\/beneficiary\/register\">cr\u00e9e un compte famille<\/a>\u00a0sur monasso79.fr<\/p>\n<p style=\"margin-bottom: 10px; line-height: 35px; font-size: 21px; color: #686868; font-family: Calibri, Arial; outline: 0px !important;\">2. Il t&#8217;inscrit au Ticket Jeune Citoyen<\/p>\n<p style=\"margin-bottom: 10px; line-height: 35px; font-size: 21px; color: #686868; font-family: Calibri, Arial; outline: 0px !important;\">3. Ton ticket Jeune Citoyen est\u00a0<strong style=\"font-weight: bold; outline: 0px !important;\">g\u00e9n\u00e9r\u00e9 imm\u00e9diatement en QR Code<\/strong><\/p>\n<p style=\"margin-bottom: 10px; line-height: 35px; font-size: 21px; color: #686868; font-family: Calibri, Arial; outline: 0px !important;\">4. Tu peux\u00a0<a style=\"background-image: initial; background-position: initial; background-size: initial; background-repeat: initial; background-attachment: initial; background-origin: initial; background-clip: initial; color: #763e99; transition-duration: 200ms; transition-timing-function: linear; transition-property: all; outline: 0px !important;\" href=\"https:\/\/www.monasso79.fr\/articles\/77597C6A-6B56-494B-8C4B-F6EC945E0051\" target=\"_blank\" rel=\"noopener\">remettre ton Ticket \u00e0 l&#8217;association de 3 mani\u00e8res<\/a>\u00a0:\u00a0<\/p>\n<ul style=\"margin: 0px; padding-left: 50px; color: #686868; font-family: Calibri, Arial; font-size: 15px; outline: 0px !important;\">\n<li style=\"padding: 0px; margin: 0px; list-style: circle; font-size: 21px; line-height: 35px; outline: 0px !important;\">En lui\u00a0transf\u00e9rant\u00a0via l&#8217;espace famille sur monasso79.fr ;<\/li>\n<li style=\"padding: 0px; margin: 0px; list-style: circle; font-size: 21px; line-height: 35px; outline: 0px !important;\">En imprimant le QR Code et en le faisant flasher par l&#8217;association\u00a0;<\/li>\n<li style=\"padding: 0px; margin: 0px; list-style: circle; font-size: 21px; line-height: 35px; outline: 0px !important;\">En pr\u00e9sentant le QR Code sur l&#8217;application &#8220;Ticket jeune citoyen Famille&#8221;<\/li>\n<\/ul>\n<p style=\"margin-bottom: 10px; line-height: 35px; font-size: 21px; color: #686868; font-family: Calibri, Arial; outline: 0px !important;\">\u00a0<\/p>\n<h3 style=\"font-family: Montserrat, sans-serif; font-weight: bold; line-height: 34px; color: #4d4d4d; margin-bottom: 5px; font-size: 24px; outline: 0px !important;\">Pourquoi ?\u00a0<\/h3>\n<p style=\"margin-bottom: 10px; line-height: 35px; font-size: 21px; color: #686868; font-family: Calibri, Arial; outline: 0px !important;\">Gr\u00e2ce \u00e0 tous les tickets qui lui sont remis par les enfants et les jeunes, l&#8217;association re\u00e7oit une subvention du D\u00e9partement (une somme d&#8217;argent) d&#8217;un montant \u00e9gal \u00e0 la somme de tous les tickets !\u00a0<\/p>\n<p style=\"margin-bottom: 10px; line-height: 35px; font-size: 21px; color: #686868; font-family: Calibri, Arial; outline: 0px !important;\">&gt; Par exemple, une association qui re\u00e7oit 200 tickets aura 200 x 20 euros&#8230; soit 4 000 euros, gr\u00e2ce aux enfants et aux jeunes !\u00a0<\/p>\n<p><!-- \/wp:paragraph --><!-- wp:paragraph --><\/p>\n<p><strong>Cl\u00f4ture du programme Ticket Jeune Citoyen 2025 : 31\/12\/2025<\/strong><\/p>\n<p><!-- \/wp:paragraph --><\/p>\n<p>[:]<\/p>\t\t\t\t\t\t<\/div>\n\t\t\t\t<\/div>\n\t\t\t\t\t<\/div>\n\t\t<\/div>\n\t\t\t\t\t<\/div>\n\t\t<\/section>\n\t\t\t\t<section class=\"elementor-section elementor-top-section elementor-element elementor-element-3096362 elementor-section-boxed elementor-section-height-default elementor-section-height-default wpr-particle-no wpr-jarallax-no wpr-parallax-no wpr-sticky-section-no\" data-id=\"3096362\" data-element_type=\"section\">\n\t\t\t\t\t\t<div class=\"elementor-container elementor-column-gap-default\">\n\t\t\t\t\t<div class=\"elementor-column elementor-col-100 elementor-top-column elementor-element elementor-element-821a456\" data-id=\"821a456\" data-element_type=\"column\">\n\t\t\t<div class=\"elementor-widget-wrap elementor-element-populated\">\n\t\t\t\t\t\t<div class=\"elementor-element elementor-element-e547116 elementor-widget elementor-widget-video\" data-id=\"e547116\" data-element_type=\"widget\" data-settings=\"{&quot;youtube_url&quot;:&quot;https:\\\/\\\/youtu.be\\\/fV-E30EGujU?si=vNzP-8Phxam90wzo&quot;,&quot;video_type&quot;:&quot;youtube&quot;,&quot;controls&quot;:&quot;yes&quot;}\" data-widget_type=\"video.default\">\n\t\t\t\t<div class=\"elementor-widget-container\">\n\t\t\t\t\t<div class=\"elementor-wrapper elementor-open-inline\">\n\t\t\t<div class=\"elementor-video\"><\/div>\t\t<\/div>\n\t\t\t\t<\/div>\n\t\t\t\t<\/div>\n\t\t\t\t\t<\/div>\n\t\t<\/div>\n\t\t\t\t\t<\/div>\n\t\t<\/section>\n\t\t\t\t<\/div>\n\t\t","protected":false},"excerpt":{"rendered":"<p>Ticket Jeune Citoyen Le Ticket Jeune Citoyen : en quoi cela consiste ?\u00a0 Le Ticket Jeune Citoyen est un dispositif\u00a0lanc\u00e9 par le D\u00e9partement pour\u00a0soutenir les&hellip;<\/p>\n","protected":false},"author":1,"featured_media":0,"parent":0,"menu_order":0,"comment_status":"closed","ping_status":"closed","template":"","meta":{"_uag_custom_page_level_css":"","_monsterinsights_skip_tracking":false,"_monsterinsights_sitenote_active":false,"_monsterinsights_sitenote_note":"","_monsterinsights_sitenote_category":0,"footnotes":""},"aioseo_notices":[],"uagb_featured_image_src":{"full":false,"thumbnail":false,"medium":false,"medium_large":false,"large":false,"1536x1536":false,"2048x2048":false},"uagb_author_info":{"display_name":"Administrateur","author_link":"https:\/\/osapam.fr\/de\/author\/admin4376\/"},"uagb_comment_info":0,"uagb_excerpt":"Ticket Jeune Citoyen Le Ticket Jeune Citoyen : en quoi cela consiste ?\u00a0 Le Ticket Jeune Citoyen est un dispositif\u00a0lanc\u00e9 par le D\u00e9partement pour\u00a0soutenir les&hellip;","_links":{"self":[{"href":"https:\/\/osapam.fr\/de\/wp-json\/wp\/v2\/pages\/3063"}],"collection":[{"href":"https:\/\/osapam.fr\/de\/wp-json\/wp\/v2\/pages"}],"about":[{"href":"https:\/\/osapam.fr\/de\/wp-json\/wp\/v2\/types\/page"}],"author":[{"embeddable":true,"href":"https:\/\/osapam.fr\/de\/wp-json\/wp\/v2\/users\/1"}],"replies":[{"embeddable":true,"href":"https:\/\/osapam.fr\/de\/wp-json\/wp\/v2\/comments?post=3063"}],"version-history":[{"count":8,"href":"https:\/\/osapam.fr\/de\/wp-json\/wp\/v2\/pages\/3063\/revisions"}],"predecessor-version":[{"id":4936,"href":"https:\/\/osapam.fr\/de\/wp-json\/wp\/v2\/pages\/3063\/revisions\/4936"}],"wp:attachment":[{"href":"https:\/\/osapam.fr\/de\/wp-json\/wp\/v2\/media?parent=3063"}],"curies":[{"name":"wp","href":"https:\/\/api.w.org\/{rel}","templated":true}]}}