{"id":2080,"date":"2023-02-06T12:48:08","date_gmt":"2023-02-06T11:48:08","guid":{"rendered":"https:\/\/osapam.fr\/?page_id=2080"},"modified":"2024-07-10T12:13:55","modified_gmt":"2024-07-10T10:13:55","slug":"aide-a-la-formation","status":"publish","type":"page","link":"https:\/\/osapam.fr\/de\/aide-a-la-formation\/","title":{"rendered":"Aide \u00e0 la formation des b\u00e9n\u00e9voles"},"content":{"rendered":"\n<h2 class=\"wp-block-heading has-text-align-center has-luminous-vivid-orange-color has-text-color has-x-large-font-size\"><strong>Aide \u00e0 la formation des b\u00e9n\u00e9voles<\/strong><\/h2>\n\n\n\n<div style=\"height:15px\" aria-hidden=\"true\" class=\"wp-block-spacer\"><\/div>\n\n\n\n<p>Nous proposons \u00e0 nos associations adh\u00e9rentes, une bourse pour la formation de leurs b\u00e9n\u00e9voles. <\/p>\n\n\n\n<p>Il s&#8217;agit d&#8217;un co-financement \u00e0 votre action de formation.<\/p>\n\n\n\n<p><strong>MODALITES D&#8217;ATTRIBUTION<\/strong><\/p>\n\n\n\n<ul>\n<li>La bourse est attribu\u00e9e <strong>pour une formation<\/strong> en lien avec l&#8217;association (exemple: d\u2019arbitre, d\u2019initiateur f\u00e9d\u00e9ral, Premiers secours PSC1, \u2026 )<\/li>\n<\/ul>\n\n\n\n<ul>\n<li>Il peut y avoir un ou plusieurs b\u00e9n\u00e9voles inscrits pour une m\u00eame formation<\/li>\n<\/ul>\n\n\n\n<ul>\n<li>Elle s\u2019adresse aux b\u00e9n\u00e9voles et aux emplois pr\u00e9caires des associations<\/li>\n<\/ul>\n\n\n\n<ul>\n<li>Elle pourra atteindre 50 % du co\u00fbt de la formation, mais sera plafonn\u00e9 \u00e0 150 \u20ac maximum.<\/li>\n<\/ul>\n\n\n\n<ul>\n<li>Elle est r\u00e9gl\u00e9e \u00e0 l&#8217;association qui doit avoir financ\u00e9 la formation, sur justificatifs (facture \u00e9tablie et acquitt\u00e9e au nom de l&#8217;association).<\/li>\n<\/ul>\n\n\n\n<ul>\n<li>Deux formations diff\u00e9rentes maximum peuvent \u00eatre demand\u00e9es par l\u2019association sur une m\u00eame ann\u00e9e.<\/li>\n<\/ul>\n\n\n\n<ul>\n<li>La validation des demandes sera fonction de leur nombre.<\/li>\n<\/ul>\n\n\n\n<ul>\n<li>Pour b\u00e9n\u00e9ficier de cette aide, l\u2019association doit \u00eatre membre de l\u2019OSAPAM et \u00e0 jour de sa cotisation<\/li>\n<\/ul>\n\n\n\n<p><strong><em>Ci-dessous, vous pouvez t\u00e9l\u00e9charger le document pour la demande d&#8217;aide financi\u00e8re \u00e0 la formation. <\/em><\/strong><\/p>\n\n\n\n<div class=\"wp-block-file\"><a id=\"wp-block-file--media-7b84353a-7004-4c9f-a344-a9cf8f13822c\" href=\"https:\/\/osapam.fr\/wp-content\/uploads\/2024\/07\/Fiche-demande-formation.doc\">Fiche-demande-formation<\/a><a href=\"https:\/\/osapam.fr\/wp-content\/uploads\/2024\/07\/Fiche-demande-formation.doc\" class=\"wp-block-file__button wp-element-button\" download aria-describedby=\"wp-block-file--media-7b84353a-7004-4c9f-a344-a9cf8f13822c\">T\u00e9l\u00e9charger<\/a><\/div>\n","protected":false},"excerpt":{"rendered":"<p>Aide \u00e0 la formation des b\u00e9n\u00e9voles Nous proposons \u00e0 nos associations adh\u00e9rentes, une bourse pour la formation de leurs b\u00e9n\u00e9voles. Il s&#8217;agit d&#8217;un co-financement \u00e0&hellip;<\/p>\n","protected":false},"author":1,"featured_media":0,"parent":0,"menu_order":0,"comment_status":"closed","ping_status":"closed","template":"","meta":{"_uag_custom_page_level_css":"","_monsterinsights_skip_tracking":false,"_monsterinsights_sitenote_active":false,"_monsterinsights_sitenote_note":"","_monsterinsights_sitenote_category":0,"footnotes":""},"aioseo_notices":[],"uagb_featured_image_src":{"full":false,"thumbnail":false,"medium":false,"medium_large":false,"large":false,"1536x1536":false,"2048x2048":false},"uagb_author_info":{"display_name":"Administrateur","author_link":"https:\/\/osapam.fr\/de\/author\/admin4376\/"},"uagb_comment_info":0,"uagb_excerpt":"Aide \u00e0 la formation des b\u00e9n\u00e9voles Nous proposons \u00e0 nos associations adh\u00e9rentes, une bourse pour la formation de leurs b\u00e9n\u00e9voles. Il s&#8217;agit d&#8217;un co-financement \u00e0&hellip;","_links":{"self":[{"href":"https:\/\/osapam.fr\/de\/wp-json\/wp\/v2\/pages\/2080"}],"collection":[{"href":"https:\/\/osapam.fr\/de\/wp-json\/wp\/v2\/pages"}],"about":[{"href":"https:\/\/osapam.fr\/de\/wp-json\/wp\/v2\/types\/page"}],"author":[{"embeddable":true,"href":"https:\/\/osapam.fr\/de\/wp-json\/wp\/v2\/users\/1"}],"replies":[{"embeddable":true,"href":"https:\/\/osapam.fr\/de\/wp-json\/wp\/v2\/comments?post=2080"}],"version-history":[{"count":7,"href":"https:\/\/osapam.fr\/de\/wp-json\/wp\/v2\/pages\/2080\/revisions"}],"predecessor-version":[{"id":4598,"href":"https:\/\/osapam.fr\/de\/wp-json\/wp\/v2\/pages\/2080\/revisions\/4598"}],"wp:attachment":[{"href":"https:\/\/osapam.fr\/de\/wp-json\/wp\/v2\/media?parent=2080"}],"curies":[{"name":"wp","href":"https:\/\/api.w.org\/{rel}","templated":true}]}}